{"id":4738,"date":"2022-01-17T14:13:06","date_gmt":"2022-01-17T14:13:06","guid":{"rendered":"https:\/\/dydon.ai\/politique-de-confidentialite\/"},"modified":"2025-08-24T16:48:46","modified_gmt":"2025-08-24T16:48:46","slug":"politique-de-confidentialite","status":"publish","type":"page","link":"https:\/\/dydon.ai\/fr\/politique-de-confidentialite\/","title":{"rendered":"Politique de confidentialit\u00e9"},"content":{"rendered":"<style>.kb-row-layout-id4738_23072c-8d > .kt-row-column-wrap{align-content:start;}:where(.kb-row-layout-id4738_23072c-8d > .kt-row-column-wrap) > .wp-block-kadence-column{justify-content:start;}.kb-row-layout-id4738_23072c-8d > .kt-row-column-wrap{column-gap:var(--global-kb-gap-md, 2rem);row-gap:var(--global-kb-gap-md, 2rem);padding-top:var(--global-kb-spacing-sm, 1.5rem);padding-bottom:var(--global-kb-spacing-sm, 1.5rem);}.kb-row-layout-id4738_23072c-8d > .kt-row-column-wrap > div:not(.added-for-specificity){grid-column:initial;}.kb-row-layout-id4738_23072c-8d > .kt-row-column-wrap{grid-template-columns:minmax(0, 1fr) minmax(0, 6fr) minmax(0, 1fr);}.kb-row-layout-id4738_23072c-8d > .kt-row-layout-overlay{opacity:0.30;}@media all and (max-width: 1024px){.kb-row-layout-id4738_23072c-8d > .kt-row-column-wrap > div:not(.added-for-specificity){grid-column:initial;}}@media all and (max-width: 1024px){.kb-row-layout-id4738_23072c-8d > .kt-row-column-wrap{grid-template-columns:minmax(0, 1fr) minmax(0, 6fr) minmax(0, 1fr);}}@media all and (max-width: 767px){.kb-row-layout-id4738_23072c-8d > .kt-row-column-wrap > div:not(.added-for-specificity){grid-column:initial;}.kb-row-layout-id4738_23072c-8d > .kt-row-column-wrap{grid-template-columns:minmax(0, 1fr);}}<\/style><div class=\"kb-row-layout-wrap kb-row-layout-id4738_23072c-8d alignnone wp-block-kadence-rowlayout\"><div class=\"kt-row-column-wrap kt-has-3-columns kt-row-layout-center-exwide kt-tab-layout-inherit kt-mobile-layout-row kt-row-valign-top\">\n<style>.kadence-column4738_096d5c-47 > .kt-inside-inner-col,.kadence-column4738_096d5c-47 > .kt-inside-inner-col:before{border-top-left-radius:0px;border-top-right-radius:0px;border-bottom-right-radius:0px;border-bottom-left-radius:0px;}.kadence-column4738_096d5c-47 > .kt-inside-inner-col{column-gap:var(--global-kb-gap-sm, 1rem);}.kadence-column4738_096d5c-47 > .kt-inside-inner-col{flex-direction:column;}.kadence-column4738_096d5c-47 > .kt-inside-inner-col > .aligncenter{width:100%;}.kadence-column4738_096d5c-47 > .kt-inside-inner-col:before{opacity:0.3;}.kadence-column4738_096d5c-47{position:relative;}@media all and (max-width: 1024px){.kadence-column4738_096d5c-47 > .kt-inside-inner-col{flex-direction:column;justify-content:center;}}@media all and (max-width: 767px){.kadence-column4738_096d5c-47 > .kt-inside-inner-col{flex-direction:column;justify-content:center;}}<\/style>\n<div class=\"wp-block-kadence-column kadence-column4738_096d5c-47\"><div class=\"kt-inside-inner-col\"><\/div><\/div>\n\n\n<style>.kadence-column4738_70b6a0-d8 > .kt-inside-inner-col,.kadence-column4738_70b6a0-d8 > .kt-inside-inner-col:before{border-top-left-radius:0px;border-top-right-radius:0px;border-bottom-right-radius:0px;border-bottom-left-radius:0px;}.kadence-column4738_70b6a0-d8 > .kt-inside-inner-col{column-gap:var(--global-kb-gap-sm, 1rem);}.kadence-column4738_70b6a0-d8 > .kt-inside-inner-col{flex-direction:column;}.kadence-column4738_70b6a0-d8 > .kt-inside-inner-col > .aligncenter{width:100%;}.kadence-column4738_70b6a0-d8 > .kt-inside-inner-col:before{opacity:0.3;}.kadence-column4738_70b6a0-d8{position:relative;}@media all and (max-width: 1024px){.kadence-column4738_70b6a0-d8 > .kt-inside-inner-col{flex-direction:column;justify-content:center;}}@media all and (max-width: 767px){.kadence-column4738_70b6a0-d8 > .kt-inside-inner-col{flex-direction:column;justify-content:center;}}<\/style>\n<div class=\"wp-block-kadence-column kadence-column4738_70b6a0-d8\"><div class=\"kt-inside-inner-col\">\n<p>Date d&rsquo;entr\u00e9e en vigueur : 2022-02-28<\/p>\n\n\n\n<p>Mise \u00e0 jour le : 2022-02-28<\/p>\n\n\n\n<p>Cette politique de confidentialit\u00e9 explique la politique de Dydon AG concernant la collecte et l&rsquo;utilisation des informations que nous recueillons lorsque vous acc\u00e9dez \u00e0 https:\/\/dydon.ai\/ (le \u00ab\u00a0Service\u00a0\u00bb).<br>La pr\u00e9sente politique de protection de la vie priv\u00e9e d\u00e9crit vos droits en mati\u00e8re de protection de la vie priv\u00e9e et la mani\u00e8re dont vous \u00eates prot\u00e9g\u00e9 par les lois sur la protection de la vie priv\u00e9e.<\/p>\n\n\n\n<p>En utilisant notre service, vous consentez \u00e0 la collecte et \u00e0 l&rsquo;utilisation de vos informations conform\u00e9ment \u00e0 la pr\u00e9sente politique de confidentialit\u00e9. Veuillez ne pas acc\u00e9der \u00e0 notre service ni l&rsquo;utiliser si vous ne consentez pas \u00e0 la collecte et \u00e0 l&rsquo;utilisation de vos informations comme indiqu\u00e9 dans la pr\u00e9sente politique de confidentialit\u00e9. Cette politique de confidentialit\u00e9 a \u00e9t\u00e9 cr\u00e9\u00e9e \u00e0 l&rsquo;aide du g\u00e9n\u00e9rateur de politique de confidentialit\u00e9 CookieScript.<\/p>\n\n\n\n<p>Dydon AG est autoris\u00e9e \u00e0 modifier cette politique de confidentialit\u00e9 \u00e0 tout moment. Cela peut se produire sans pr\u00e9avis.<\/p>\n\n\n\n<p>Dydon AG publiera la politique de confidentialit\u00e9 r\u00e9vis\u00e9e sur le site web https:\/\/dydon.ai\/.<\/p>\n\n\n\n<p>COLLECTE ET UTILISATION DE VOS INFORMATIONS PERSONNELLES<\/p>\n\n\n\n<p>LES INFORMATIONS QUE NOUS RECUEILLONS<\/p>\n\n\n\n<p>Lorsque vous utilisez notre service, vous \u00eates invit\u00e9 \u00e0 nous fournir des informations personnelles utilis\u00e9es pour vous contacter ou vous identifier. https:\/\/dydon.ai\/ collects the following<br>des informations :<\/p>\n\n\n\n<ul>\n<li>Donn\u00e9es d&rsquo;utilisation<\/li>\n\n\n\n<li>Nom<\/li>\n\n\n\n<li>Courriel<\/li>\n\n\n\n<li>Webinaire<\/li>\n<\/ul>\n\n\n\n<p>Les donn\u00e9es d&rsquo;utilisation comprennent les \u00e9l\u00e9ments suivants :<\/p>\n\n\n\n<ul>\n<li>l&rsquo;adresse du protocole Internet (IP) des ordinateurs qui acc\u00e8dent au site<\/li>\n\n\n\n<li>Requ\u00eates de pages web<\/li>\n\n\n\n<li>Pages web de r\u00e9f\u00e9rence<\/li>\n\n\n\n<li>Navigateur utilis\u00e9 pour acc\u00e9der au site<\/li>\n\n\n\n<li>Heure et date d&rsquo;acc\u00e8s<\/li>\n<\/ul>\n\n\n\n<p>COMMENT NOUS COLLECTONS LES INFORMATIONS<\/p>\n\n\n\n<p>https:\/\/dydon.ai\/ collects and receives information from you in the following manner:<\/p>\n\n\n\n<ul>\n<li>Lorsque vous remplissez un formulaire d&rsquo;inscription ou que vous soumettez d&rsquo;une autre mani\u00e8re vos informations personnelles.<\/li>\n<\/ul>\n\n\n\n<p>Vos informations seront conserv\u00e9es jusqu&rsquo;\u00e0 30 jours apr\u00e8s qu&rsquo;elles ne soient plus n\u00e9cessaires pour vous fournir les services. Vos informations peuvent \u00eatre conserv\u00e9es plus longtemps<br>les p\u00e9riodes de d\u00e9claration ou d&rsquo;archivage conform\u00e9ment \u00e0 la l\u00e9gislation applicable. Les informations qui ne vous identifient pas personnellement peuvent \u00eatre stock\u00e9es ind\u00e9finiment.<\/p>\n\n\n\n<p>COMMENT NOUS UTILISONS VOS INFORMATIONS<\/p>\n\n\n\n<p>https:\/\/dydon.ai\/ may use your information for the following purposes:<\/p>\n\n\n\n<ul>\n<li>Pour vous contacter. Dydon AG vous contactera par e-mail, t\u00e9l\u00e9phone, SMS ou toute autre forme de communication \u00e9lectronique concernant les fonctions, les produits, les services ou les services de l&rsquo;entreprise.<br>les mises \u00e0 jour de s\u00e9curit\u00e9 lorsque cela est n\u00e9cessaire ou raisonnable.<\/li>\n\n\n\n<li>Pour vous tenir au courant des nouvelles, des informations g\u00e9n\u00e9rales, des offres sp\u00e9ciales, des nouveaux services et des \u00e9v\u00e9nements.<\/li>\n\n\n\n<li>Initiatives de marketing et de promotion. Dydon AG utilisera des informations non sp\u00e9cifiques recueillies aupr\u00e8s de vous afin d&rsquo;am\u00e9liorer ses efforts de marketing.<\/li>\n<\/ul>\n\n\n\n<p>COMMENT NOUS PARTAGEONS VOS INFORMATIONS<\/p>\n\n\n\n<p>Dydon AG partagera vos informations, le cas \u00e9ch\u00e9ant, dans les situations suivantes :<\/p>\n\n\n\n<ul>\n<li>Avec votre consentement. Dydon AG partagera vos informations \u00e0 toutes fins utiles avec votre consentement explicite.<\/li>\n<\/ul>\n\n\n\n<p>PARTAGE AVEC DES TIERS<\/p>\n\n\n\n<p>Vos informations peuvent \u00eatre divulgu\u00e9es pour d&rsquo;autres raisons, notamment :<\/p>\n\n\n\n<ul>\n<li>Respecter les lois, les r\u00e8glements ou les d\u00e9cisions de justice applicables.<\/li>\n\n\n\n<li>R\u00e9pondre aux r\u00e9clamations selon lesquelles votre utilisation de notre service viole les droits de tiers.<\/li>\n\n\n\n<li>Faire respecter les accords que vous avez conclus avec nous, y compris la pr\u00e9sente politique de protection de la vie priv\u00e9e.<\/li>\n<\/ul>\n\n\n\n<p>COOKIES<\/p>\n\n\n\n<p>Les cookies sont de petits fichiers texte plac\u00e9s sur votre ordinateur par les sites web que vous visitez. Les sites web utilisent des cookies pour aider les utilisateurs \u00e0 naviguer efficacement et \u00e0 effectuer les t\u00e2ches suivantes<br>certaines fonctions. Les cookies n\u00e9cessaires au bon fonctionnement du site web peuvent \u00eatre install\u00e9s sans votre autorisation. Tous les autres cookies doivent \u00eatre<br>avant de pouvoir les d\u00e9finir dans le navigateur.<\/p>\n\n\n\n<ul>\n<li>Cookies strictement n\u00e9cessaires. Les cookies strictement n\u00e9cessaires permettent d&rsquo;assurer les fonctionnalit\u00e9s essentielles du site web, telles que la connexion de l&rsquo;utilisateur et la gestion du compte. Le site web ne peut pas \u00eatre utilis\u00e9<br>correctement sans les cookies strictement n\u00e9cessaires.<\/li>\n\n\n\n<li>Cookies de ciblage. Les cookies de ciblage sont utilis\u00e9s pour identifier les visiteurs entre diff\u00e9rents sites web, par exemple. les partenaires de contenu, les r\u00e9seaux de banni\u00e8res. Ces cookies peuvent \u00eatre<br>utilis\u00e9 par les entreprises pour \u00e9tablir un profil des int\u00e9r\u00eats des visiteurs ou afficher des publicit\u00e9s pertinentes sur d&rsquo;autres sites web.<\/li>\n\n\n\n<li>Cookies de fonctionnalit\u00e9. Les cookies de fonctionnalit\u00e9 sont utilis\u00e9s pour m\u00e9moriser les informations des visiteurs sur le site web, par exemple. langue, fuseau horaire, contenu enrichi.<\/li>\n\n\n\n<li>Cookies de performance. Les cookies de performance sont utilis\u00e9s pour voir comment les visiteurs utilisent le site web, par exemple. les cookies analytiques. Ces cookies ne peuvent pas \u00eatre utilis\u00e9s pour<br>identifier un certain visiteur.<\/li>\n<\/ul>\n\n\n\n<p>Vous pouvez modifier votre consentement \u00e0 l&rsquo;utilisation des cookies <strong>\n  <a href=\"https:\/\/dydon.ai\/fr\/politique-en-matiere-de-cookies\/\" data-type=\"page\" data-id=\"872\" target=\"_blank\" rel=\"noreferrer noopener\">ici<\/a>\n<\/strong><\/p>\n\n\n\n<p>S\u00c9CURIT\u00c9<\/p>\n\n\n\n<p>La s\u00e9curit\u00e9 de vos informations est importante pour nous. https:\/\/dydon.ai\/ utilizes a range of security measures to prevent the misuse, loss, or alteration of the<br>les informations que vous nous avez communiqu\u00e9es. Toutefois, comme nous ne pouvons pas garantir la s\u00e9curit\u00e9 des informations que vous nous fournissez, vous devez acc\u00e9der \u00e0 notre service \u00e0 vos propres risques.<br>risque.<\/p>\n\n\n\n<p>Dydon AG n&rsquo;est pas responsable de la performance des sites web exploit\u00e9s par des tiers ni de vos interactions avec eux. Lorsque vous quittez ce site web, nous vous recommandons<br>vous examinez les pratiques en mati\u00e8re de protection de la vie priv\u00e9e des autres sites web avec lesquels vous interagissez et d\u00e9terminez si ces pratiques sont ad\u00e9quates.<\/p>\n\n\n\n<p>CONTACTEZ-NOUS<\/p>\n\n\n\n<p>Pour toute question, veuillez nous contacter par les moyens suivants :<\/p>\n\n\n\n<p>Nom : Dydon AG<\/p>\n\n\n\n<p>Adresse : Hechlenberg 17 CH-8704 Herrliberg<\/p>\n\n\n\n<p>Courriel : info@dydon.ai<\/p>\n\n\n\n<p>Site web : dydon.ai<\/p>\n<\/div><\/div>\n\n\n<style>.kadence-column4738_41b18c-e2 > .kt-inside-inner-col,.kadence-column4738_41b18c-e2 > .kt-inside-inner-col:before{border-top-left-radius:0px;border-top-right-radius:0px;border-bottom-right-radius:0px;border-bottom-left-radius:0px;}.kadence-column4738_41b18c-e2 > .kt-inside-inner-col{column-gap:var(--global-kb-gap-sm, 1rem);}.kadence-column4738_41b18c-e2 > .kt-inside-inner-col{flex-direction:column;}.kadence-column4738_41b18c-e2 > .kt-inside-inner-col > .aligncenter{width:100%;}.kadence-column4738_41b18c-e2 > .kt-inside-inner-col:before{opacity:0.3;}.kadence-column4738_41b18c-e2{position:relative;}@media all and (max-width: 1024px){.kadence-column4738_41b18c-e2 > .kt-inside-inner-col{flex-direction:column;justify-content:center;}}@media all and (max-width: 767px){.kadence-column4738_41b18c-e2 > .kt-inside-inner-col{flex-direction:column;justify-content:center;}}<\/style>\n<div class=\"wp-block-kadence-column kadence-column4738_41b18c-e2\"><div class=\"kt-inside-inner-col\"><\/div><\/div>\n\n<\/div><\/div>\n\n\n<p><\/p>\n","protected":false},"excerpt":{"rendered":"<p>Date d&rsquo;entr\u00e9e en vigueur : 2022-02-28 Mise \u00e0 jour le : 2022-02-28 Cette politique de confidentialit\u00e9 explique la politique de Dydon AG concernant la collecte et l&rsquo;utilisation des informations que nous recueillons lorsque vous acc\u00e9dez \u00e0 https:\/\/dydon.ai\/ (le \u00ab\u00a0Service\u00a0\u00bb).La pr\u00e9sente politique de protection de la vie priv\u00e9e d\u00e9crit vos droits en mati\u00e8re de protection de&#8230;<\/p>\n","protected":false},"author":1,"featured_media":0,"parent":0,"menu_order":0,"comment_status":"closed","ping_status":"closed","template":"page-dark-page-template.php","meta":{"content-type":"","_kad_blocks_custom_css":"","_kad_blocks_head_custom_js":"","_kad_blocks_body_custom_js":"","_kad_blocks_footer_custom_js":"","_kad_post_transparent":"","_kad_post_title":"","_kad_post_layout":"","_kad_post_sidebar_id":"","_kad_post_content_style":"","_kad_post_vertical_padding":"","_kad_post_feature":"","_kad_post_feature_position":"","_kad_post_header":false,"_kad_post_footer":false,"footnotes":""},"yoast_head":"<!-- This site is optimized with the Yoast SEO plugin v23.6 - https:\/\/yoast.com\/wordpress\/plugins\/seo\/ -->\n<title>Politique de confidentialit\u00e9 - Dydon AI<\/title>\n<meta name=\"description\" content=\"Dydon AI respecte la confidentialit\u00e9 de vos informations. D\u00e9couvrez comment nous traitons vos donn\u00e9es personnelles lorsque vous visitez notre site web.\" \/>\n<meta name=\"robots\" content=\"index, follow, max-snippet:-1, max-image-preview:large, max-video-preview:-1\" \/>\n<link rel=\"canonical\" href=\"https:\/\/dydon.ai\/fr\/politique-de-confidentialite\/\" \/>\n<meta property=\"og:locale\" content=\"fr_FR\" \/>\n<meta property=\"og:type\" content=\"article\" \/>\n<meta property=\"og:title\" content=\"Politique de confidentialit\u00e9 - Dydon AI\" \/>\n<meta property=\"og:description\" content=\"Dydon AI respecte la confidentialit\u00e9 de vos informations. D\u00e9couvrez comment nous traitons vos donn\u00e9es personnelles lorsque vous visitez notre site web.\" \/>\n<meta property=\"og:url\" content=\"https:\/\/dydon.ai\/fr\/politique-de-confidentialite\/\" \/>\n<meta property=\"article:modified_time\" content=\"2025-08-24T16:48:46+00:00\" \/>\n<meta name=\"twitter:card\" content=\"summary_large_image\" \/>\n<meta name=\"twitter:label1\" content=\"Dur\u00e9e de lecture estim\u00e9e\" \/>\n\t<meta name=\"twitter:data1\" content=\"5 minutes\" \/>\n<script type=\"application\/ld+json\" class=\"yoast-schema-graph\">{\"@context\":\"https:\/\/schema.org\",\"@graph\":[{\"@type\":\"WebPage\",\"@id\":\"https:\/\/dydon.ai\/fr\/politique-de-confidentialite\/\",\"url\":\"https:\/\/dydon.ai\/fr\/politique-de-confidentialite\/\",\"name\":\"Politique de confidentialit\u00e9 - Dydon AI\",\"isPartOf\":{\"@id\":\"https:\/\/dydon.ai\/fr\/#website\"},\"datePublished\":\"2022-01-17T14:13:06+00:00\",\"dateModified\":\"2025-08-24T16:48:46+00:00\",\"description\":\"Dydon AI respecte la confidentialit\u00e9 de vos informations. D\u00e9couvrez comment nous traitons vos donn\u00e9es personnelles lorsque vous visitez notre site web.\",\"breadcrumb\":{\"@id\":\"https:\/\/dydon.ai\/fr\/politique-de-confidentialite\/#breadcrumb\"},\"inLanguage\":\"fr-FR\",\"potentialAction\":[{\"@type\":\"ReadAction\",\"target\":[\"https:\/\/dydon.ai\/fr\/politique-de-confidentialite\/\"]}]},{\"@type\":\"BreadcrumbList\",\"@id\":\"https:\/\/dydon.ai\/fr\/politique-de-confidentialite\/#breadcrumb\",\"itemListElement\":[{\"@type\":\"ListItem\",\"position\":1,\"name\":\"Home\",\"item\":\"https:\/\/dydon.ai\/fr\/\"},{\"@type\":\"ListItem\",\"position\":2,\"name\":\"Politique de confidentialit\u00e9\"}]},{\"@type\":\"WebSite\",\"@id\":\"https:\/\/dydon.ai\/fr\/#website\",\"url\":\"https:\/\/dydon.ai\/fr\/\",\"name\":\"\",\"description\":\"\",\"potentialAction\":[{\"@type\":\"SearchAction\",\"target\":{\"@type\":\"EntryPoint\",\"urlTemplate\":\"https:\/\/dydon.ai\/fr\/?s={search_term_string}\"},\"query-input\":{\"@type\":\"PropertyValueSpecification\",\"valueRequired\":true,\"valueName\":\"search_term_string\"}}],\"inLanguage\":\"fr-FR\"}]}<\/script>\n<!-- \/ Yoast SEO plugin. -->","yoast_head_json":{"title":"Politique de confidentialit\u00e9 - Dydon AI","description":"Dydon AI respecte la confidentialit\u00e9 de vos informations. D\u00e9couvrez comment nous traitons vos donn\u00e9es personnelles lorsque vous visitez notre site web.","robots":{"index":"index","follow":"follow","max-snippet":"max-snippet:-1","max-image-preview":"max-image-preview:large","max-video-preview":"max-video-preview:-1"},"canonical":"https:\/\/dydon.ai\/fr\/politique-de-confidentialite\/","og_locale":"fr_FR","og_type":"article","og_title":"Politique de confidentialit\u00e9 - Dydon AI","og_description":"Dydon AI respecte la confidentialit\u00e9 de vos informations. D\u00e9couvrez comment nous traitons vos donn\u00e9es personnelles lorsque vous visitez notre site web.","og_url":"https:\/\/dydon.ai\/fr\/politique-de-confidentialite\/","article_modified_time":"2025-08-24T16:48:46+00:00","twitter_card":"summary_large_image","twitter_misc":{"Dur\u00e9e de lecture estim\u00e9e":"5 minutes"},"schema":{"@context":"https:\/\/schema.org","@graph":[{"@type":"WebPage","@id":"https:\/\/dydon.ai\/fr\/politique-de-confidentialite\/","url":"https:\/\/dydon.ai\/fr\/politique-de-confidentialite\/","name":"Politique de confidentialit\u00e9 - Dydon AI","isPartOf":{"@id":"https:\/\/dydon.ai\/fr\/#website"},"datePublished":"2022-01-17T14:13:06+00:00","dateModified":"2025-08-24T16:48:46+00:00","description":"Dydon AI respecte la confidentialit\u00e9 de vos informations. D\u00e9couvrez comment nous traitons vos donn\u00e9es personnelles lorsque vous visitez notre site web.","breadcrumb":{"@id":"https:\/\/dydon.ai\/fr\/politique-de-confidentialite\/#breadcrumb"},"inLanguage":"fr-FR","potentialAction":[{"@type":"ReadAction","target":["https:\/\/dydon.ai\/fr\/politique-de-confidentialite\/"]}]},{"@type":"BreadcrumbList","@id":"https:\/\/dydon.ai\/fr\/politique-de-confidentialite\/#breadcrumb","itemListElement":[{"@type":"ListItem","position":1,"name":"Home","item":"https:\/\/dydon.ai\/fr\/"},{"@type":"ListItem","position":2,"name":"Politique de confidentialit\u00e9"}]},{"@type":"WebSite","@id":"https:\/\/dydon.ai\/fr\/#website","url":"https:\/\/dydon.ai\/fr\/","name":"","description":"","potentialAction":[{"@type":"SearchAction","target":{"@type":"EntryPoint","urlTemplate":"https:\/\/dydon.ai\/fr\/?s={search_term_string}"},"query-input":{"@type":"PropertyValueSpecification","valueRequired":true,"valueName":"search_term_string"}}],"inLanguage":"fr-FR"}]}},"taxonomy_info":[],"featured_image_src_large":false,"author_info":{"display_name":"admin","author_link":"https:\/\/dydon.ai\/fr\/author\/admin\/"},"comment_info":0,"_links":{"self":[{"href":"https:\/\/dydon.ai\/fr\/wp-json\/wp\/v2\/pages\/4738"}],"collection":[{"href":"https:\/\/dydon.ai\/fr\/wp-json\/wp\/v2\/pages"}],"about":[{"href":"https:\/\/dydon.ai\/fr\/wp-json\/wp\/v2\/types\/page"}],"author":[{"embeddable":true,"href":"https:\/\/dydon.ai\/fr\/wp-json\/wp\/v2\/users\/1"}],"replies":[{"embeddable":true,"href":"https:\/\/dydon.ai\/fr\/wp-json\/wp\/v2\/comments?post=4738"}],"version-history":[{"count":4,"href":"https:\/\/dydon.ai\/fr\/wp-json\/wp\/v2\/pages\/4738\/revisions"}],"predecessor-version":[{"id":15607,"href":"https:\/\/dydon.ai\/fr\/wp-json\/wp\/v2\/pages\/4738\/revisions\/15607"}],"wp:attachment":[{"href":"https:\/\/dydon.ai\/fr\/wp-json\/wp\/v2\/media?parent=4738"}],"curies":[{"name":"wp","href":"https:\/\/api.w.org\/{rel}","templated":true}]}}