{"id":4726,"date":"2022-07-13T09:49:27","date_gmt":"2022-07-13T09:49:27","guid":{"rendered":"https:\/\/dydon.ai\/impressum\/"},"modified":"2025-08-24T16:52:28","modified_gmt":"2025-08-24T16:52:28","slug":"impressum","status":"publish","type":"page","link":"https:\/\/dydon.ai\/fr\/impressum\/","title":{"rendered":"Impressum"},"content":{"rendered":"<style>.kb-row-layout-id4726_a23ab6-f7 > .kt-row-column-wrap{align-content:start;}:where(.kb-row-layout-id4726_a23ab6-f7 > .kt-row-column-wrap) > .wp-block-kadence-column{justify-content:start;}.kb-row-layout-id4726_a23ab6-f7 > .kt-row-column-wrap{column-gap:var(--global-kb-gap-md, 2rem);row-gap:var(--global-kb-gap-md, 2rem);padding-top:var(--global-kb-spacing-sm, 1.5rem);padding-bottom:var(--global-kb-spacing-sm, 1.5rem);}.kb-row-layout-id4726_a23ab6-f7 > .kt-row-column-wrap > div:not(.added-for-specificity){grid-column:initial;}.kb-row-layout-id4726_a23ab6-f7 > .kt-row-column-wrap{grid-template-columns:minmax(0, 1fr) minmax(0, 6fr) minmax(0, 1fr);}.kb-row-layout-id4726_a23ab6-f7 > .kt-row-layout-overlay{opacity:0.30;}@media all and (max-width: 1024px){.kb-row-layout-id4726_a23ab6-f7 > .kt-row-column-wrap > div:not(.added-for-specificity){grid-column:initial;}}@media all and (max-width: 1024px){.kb-row-layout-id4726_a23ab6-f7 > .kt-row-column-wrap{grid-template-columns:minmax(0, 1fr) minmax(0, 6fr) minmax(0, 1fr);}}@media all and (max-width: 767px){.kb-row-layout-id4726_a23ab6-f7 > .kt-row-column-wrap > div:not(.added-for-specificity){grid-column:initial;}.kb-row-layout-id4726_a23ab6-f7 > .kt-row-column-wrap{grid-template-columns:minmax(0, 1fr);}}<\/style><div class=\"kb-row-layout-wrap kb-row-layout-id4726_a23ab6-f7 alignnone wp-block-kadence-rowlayout\"><div class=\"kt-row-column-wrap kt-has-3-columns kt-row-layout-center-exwide kt-tab-layout-inherit kt-mobile-layout-row kt-row-valign-top\">\n<style>.kadence-column4726_9cf898-93 > .kt-inside-inner-col,.kadence-column4726_9cf898-93 > .kt-inside-inner-col:before{border-top-left-radius:0px;border-top-right-radius:0px;border-bottom-right-radius:0px;border-bottom-left-radius:0px;}.kadence-column4726_9cf898-93 > .kt-inside-inner-col{column-gap:var(--global-kb-gap-sm, 1rem);}.kadence-column4726_9cf898-93 > .kt-inside-inner-col{flex-direction:column;}.kadence-column4726_9cf898-93 > .kt-inside-inner-col > .aligncenter{width:100%;}.kadence-column4726_9cf898-93 > .kt-inside-inner-col:before{opacity:0.3;}.kadence-column4726_9cf898-93{position:relative;}@media all and (max-width: 1024px){.kadence-column4726_9cf898-93 > .kt-inside-inner-col{flex-direction:column;justify-content:center;}}@media all and (max-width: 767px){.kadence-column4726_9cf898-93 > .kt-inside-inner-col{flex-direction:column;justify-content:center;}}<\/style>\n<div class=\"wp-block-kadence-column kadence-column4726_9cf898-93\"><div class=\"kt-inside-inner-col\"><\/div><\/div>\n\n\n<style>.kadence-column4726_2e7163-e7 > .kt-inside-inner-col,.kadence-column4726_2e7163-e7 > .kt-inside-inner-col:before{border-top-left-radius:0px;border-top-right-radius:0px;border-bottom-right-radius:0px;border-bottom-left-radius:0px;}.kadence-column4726_2e7163-e7 > .kt-inside-inner-col{column-gap:var(--global-kb-gap-sm, 1rem);}.kadence-column4726_2e7163-e7 > .kt-inside-inner-col{flex-direction:column;}.kadence-column4726_2e7163-e7 > .kt-inside-inner-col > .aligncenter{width:100%;}.kadence-column4726_2e7163-e7 > .kt-inside-inner-col:before{opacity:0.3;}.kadence-column4726_2e7163-e7{position:relative;}@media all and (max-width: 1024px){.kadence-column4726_2e7163-e7 > .kt-inside-inner-col{flex-direction:column;justify-content:center;}}@media all and (max-width: 767px){.kadence-column4726_2e7163-e7 > .kt-inside-inner-col{flex-direction:column;justify-content:center;}}<\/style>\n<div class=\"wp-block-kadence-column kadence-column4726_2e7163-e7\"><div class=\"kt-inside-inner-col\">\n<h2 class=\"wp-block-heading\">DYDON AG<\/h2>\n\n\n\n<p><strong>Adresse de l&rsquo;entreprise<\/strong><\/p>\n\n\n\n<p>Hechlenberg 17, CH-8704 Herrliberg (Suisse)<\/p>\n\n\n\n<p><strong>Registre du commerce du canton de Zurich<\/strong><\/p>\n\n\n\n<p>Num\u00e9ro d&rsquo;enregistrement : CHE-249.326.857<\/p>\n\n\n\n<p>Incorpor\u00e9 le 30.11.2016<\/p>\n\n\n\n<p><strong>PDG et fondateur de l&rsquo;entreprise<\/strong><\/p>\n\n\n\n<p>Dr. Hans-Peter G\u00fcllich<\/p>\n\n\n\n<h3 class=\"wp-block-heading\">Objectif<\/h3>\n\n\n\n<p>L&rsquo;objet de la soci\u00e9t\u00e9 est la fourniture de services de conseil et d&rsquo;informatique, ainsi que le d\u00e9veloppement et l&rsquo;exploitation de syst\u00e8mes d&rsquo;information et de connaissances pour les entreprises. La soci\u00e9t\u00e9 peut cr\u00e9er des succursales et des filiales en Allemagne et \u00e0 l&rsquo;\u00e9tranger et participer \u00e0 d&rsquo;autres soci\u00e9t\u00e9s en Allemagne et \u00e0 l&rsquo;\u00e9tranger, ainsi qu&rsquo;exercer toute activit\u00e9 directement ou indirectement li\u00e9e \u00e0 son objet. La soci\u00e9t\u00e9 peut acqu\u00e9rir, grever, c\u00e9der et g\u00e9rer des biens immobiliers en Suisse et \u00e0 l&rsquo;\u00e9tranger.<br>Elle peut \u00e9galement proc\u00e9der \u00e0 des financements pour son propre compte ou pour le compte de tiers, ainsi qu&rsquo;\u00e0 des garanties et des cautions pour des filiales et des tiers.<\/p>\n\n\n\n<p>Courriel : info@dydon.ai<\/p>\n\n\n\n<p>Site web : <a href=\"http:\/\/dydon.ai\" target=\"_blank\" rel=\"noreferrer noopener\">dydon.ai<\/a><\/p>\n\n\n\n<p><\/p>\n\n\n\n<h3 class=\"wp-block-heading\">Conception et d\u00e9veloppement du site web<\/h3>\n\n\n\n<h4 class=\"wp-block-heading\">TSW S.r.l.<\/h4>\n\n\n\n<p>Si\u00e8ge social et laboratoire d&rsquo;exp\u00e9rience : Via Terraglio, 68 &#8211; 31100 Treviso (TV) &#8211; Italie<strong><br><\/strong>T\u00e9l. +39 0422 5115 &#8211; <a href=\"mailto:info@tsw.it\" target=\"_blank\" rel=\"noreferrer noopener\">info@tsw.it <\/a><\/p>\n<\/div><\/div>\n\n\n<style>.kadence-column4726_bc27a0-c4 > .kt-inside-inner-col,.kadence-column4726_bc27a0-c4 > .kt-inside-inner-col:before{border-top-left-radius:0px;border-top-right-radius:0px;border-bottom-right-radius:0px;border-bottom-left-radius:0px;}.kadence-column4726_bc27a0-c4 > .kt-inside-inner-col{column-gap:var(--global-kb-gap-sm, 1rem);}.kadence-column4726_bc27a0-c4 > .kt-inside-inner-col{flex-direction:column;}.kadence-column4726_bc27a0-c4 > .kt-inside-inner-col > .aligncenter{width:100%;}.kadence-column4726_bc27a0-c4 > .kt-inside-inner-col:before{opacity:0.3;}.kadence-column4726_bc27a0-c4{position:relative;}@media all and (max-width: 1024px){.kadence-column4726_bc27a0-c4 > .kt-inside-inner-col{flex-direction:column;justify-content:center;}}@media all and (max-width: 767px){.kadence-column4726_bc27a0-c4 > .kt-inside-inner-col{flex-direction:column;justify-content:center;}}<\/style>\n<div class=\"wp-block-kadence-column kadence-column4726_bc27a0-c4\"><div class=\"kt-inside-inner-col\"><\/div><\/div>\n\n<\/div><\/div>\n\n\n<div style=\"height:52px\" aria-hidden=\"true\" class=\"wp-block-spacer\"><\/div>\n\n\n\n<h2 class=\"wp-block-heading\"><\/h2>\n","protected":false},"excerpt":{"rendered":"<p>DYDON AG Adresse de l&rsquo;entreprise Hechlenberg 17, CH-8704 Herrliberg (Suisse) Registre du commerce du canton de Zurich Num\u00e9ro d&rsquo;enregistrement : CHE-249.326.857 Incorpor\u00e9 le 30.11.2016 PDG et fondateur de l&rsquo;entreprise Dr. Hans-Peter G\u00fcllich Objectif L&rsquo;objet de la soci\u00e9t\u00e9 est la fourniture de services de conseil et d&rsquo;informatique, ainsi que le d\u00e9veloppement et l&rsquo;exploitation de syst\u00e8mes d&rsquo;information&#8230;<\/p>\n","protected":false},"author":4,"featured_media":0,"parent":0,"menu_order":0,"comment_status":"closed","ping_status":"closed","template":"page-dark-page-template.php","meta":{"content-type":"","_kad_blocks_custom_css":"","_kad_blocks_head_custom_js":"","_kad_blocks_body_custom_js":"","_kad_blocks_footer_custom_js":"","_kad_post_transparent":"","_kad_post_title":"","_kad_post_layout":"","_kad_post_sidebar_id":"","_kad_post_content_style":"","_kad_post_vertical_padding":"","_kad_post_feature":"","_kad_post_feature_position":"","_kad_post_header":false,"_kad_post_footer":false,"footnotes":""},"yoast_head":"<!-- This site is optimized with the Yoast SEO plugin v23.6 - https:\/\/yoast.com\/wordpress\/plugins\/seo\/ -->\n<title>Mentions l\u00e9gales de Dydon AG<\/title>\n<meta name=\"description\" content=\"Mentions l\u00e9gales de Dydon AG\" \/>\n<meta name=\"robots\" content=\"index, follow, max-snippet:-1, max-image-preview:large, max-video-preview:-1\" \/>\n<link rel=\"canonical\" href=\"https:\/\/dydon.ai\/fr\/impressum\/\" \/>\n<meta property=\"og:locale\" content=\"fr_FR\" \/>\n<meta property=\"og:type\" content=\"article\" \/>\n<meta property=\"og:title\" content=\"Mentions l\u00e9gales de Dydon AG\" \/>\n<meta property=\"og:description\" content=\"Mentions l\u00e9gales de Dydon AG\" \/>\n<meta property=\"og:url\" content=\"https:\/\/dydon.ai\/fr\/impressum\/\" \/>\n<meta property=\"article:modified_time\" content=\"2025-08-24T16:52:28+00:00\" \/>\n<meta name=\"twitter:card\" content=\"summary_large_image\" \/>\n<meta name=\"twitter:label1\" content=\"Dur\u00e9e de lecture estim\u00e9e\" \/>\n\t<meta name=\"twitter:data1\" content=\"1 minute\" \/>\n<script type=\"application\/ld+json\" class=\"yoast-schema-graph\">{\"@context\":\"https:\/\/schema.org\",\"@graph\":[{\"@type\":\"WebPage\",\"@id\":\"https:\/\/dydon.ai\/fr\/impressum\/\",\"url\":\"https:\/\/dydon.ai\/fr\/impressum\/\",\"name\":\"Mentions l\u00e9gales de Dydon AG\",\"isPartOf\":{\"@id\":\"https:\/\/dydon.ai\/fr\/#website\"},\"datePublished\":\"2022-07-13T09:49:27+00:00\",\"dateModified\":\"2025-08-24T16:52:28+00:00\",\"description\":\"Mentions l\u00e9gales de Dydon AG\",\"breadcrumb\":{\"@id\":\"https:\/\/dydon.ai\/fr\/impressum\/#breadcrumb\"},\"inLanguage\":\"fr-FR\",\"potentialAction\":[{\"@type\":\"ReadAction\",\"target\":[\"https:\/\/dydon.ai\/fr\/impressum\/\"]}]},{\"@type\":\"BreadcrumbList\",\"@id\":\"https:\/\/dydon.ai\/fr\/impressum\/#breadcrumb\",\"itemListElement\":[{\"@type\":\"ListItem\",\"position\":1,\"name\":\"Home\",\"item\":\"https:\/\/dydon.ai\/fr\/\"},{\"@type\":\"ListItem\",\"position\":2,\"name\":\"Impressum\"}]},{\"@type\":\"WebSite\",\"@id\":\"https:\/\/dydon.ai\/fr\/#website\",\"url\":\"https:\/\/dydon.ai\/fr\/\",\"name\":\"\",\"description\":\"\",\"potentialAction\":[{\"@type\":\"SearchAction\",\"target\":{\"@type\":\"EntryPoint\",\"urlTemplate\":\"https:\/\/dydon.ai\/fr\/?s={search_term_string}\"},\"query-input\":{\"@type\":\"PropertyValueSpecification\",\"valueRequired\":true,\"valueName\":\"search_term_string\"}}],\"inLanguage\":\"fr-FR\"}]}<\/script>\n<!-- \/ Yoast SEO plugin. -->","yoast_head_json":{"title":"Mentions l\u00e9gales de Dydon AG","description":"Mentions l\u00e9gales de Dydon AG","robots":{"index":"index","follow":"follow","max-snippet":"max-snippet:-1","max-image-preview":"max-image-preview:large","max-video-preview":"max-video-preview:-1"},"canonical":"https:\/\/dydon.ai\/fr\/impressum\/","og_locale":"fr_FR","og_type":"article","og_title":"Mentions l\u00e9gales de Dydon AG","og_description":"Mentions l\u00e9gales de Dydon AG","og_url":"https:\/\/dydon.ai\/fr\/impressum\/","article_modified_time":"2025-08-24T16:52:28+00:00","twitter_card":"summary_large_image","twitter_misc":{"Dur\u00e9e de lecture estim\u00e9e":"1 minute"},"schema":{"@context":"https:\/\/schema.org","@graph":[{"@type":"WebPage","@id":"https:\/\/dydon.ai\/fr\/impressum\/","url":"https:\/\/dydon.ai\/fr\/impressum\/","name":"Mentions l\u00e9gales de Dydon AG","isPartOf":{"@id":"https:\/\/dydon.ai\/fr\/#website"},"datePublished":"2022-07-13T09:49:27+00:00","dateModified":"2025-08-24T16:52:28+00:00","description":"Mentions l\u00e9gales de Dydon AG","breadcrumb":{"@id":"https:\/\/dydon.ai\/fr\/impressum\/#breadcrumb"},"inLanguage":"fr-FR","potentialAction":[{"@type":"ReadAction","target":["https:\/\/dydon.ai\/fr\/impressum\/"]}]},{"@type":"BreadcrumbList","@id":"https:\/\/dydon.ai\/fr\/impressum\/#breadcrumb","itemListElement":[{"@type":"ListItem","position":1,"name":"Home","item":"https:\/\/dydon.ai\/fr\/"},{"@type":"ListItem","position":2,"name":"Impressum"}]},{"@type":"WebSite","@id":"https:\/\/dydon.ai\/fr\/#website","url":"https:\/\/dydon.ai\/fr\/","name":"","description":"","potentialAction":[{"@type":"SearchAction","target":{"@type":"EntryPoint","urlTemplate":"https:\/\/dydon.ai\/fr\/?s={search_term_string}"},"query-input":{"@type":"PropertyValueSpecification","valueRequired":true,"valueName":"search_term_string"}}],"inLanguage":"fr-FR"}]}},"taxonomy_info":[],"featured_image_src_large":false,"author_info":{"display_name":"Silva","author_link":"https:\/\/dydon.ai\/fr\/author\/silva\/"},"comment_info":0,"_links":{"self":[{"href":"https:\/\/dydon.ai\/fr\/wp-json\/wp\/v2\/pages\/4726"}],"collection":[{"href":"https:\/\/dydon.ai\/fr\/wp-json\/wp\/v2\/pages"}],"about":[{"href":"https:\/\/dydon.ai\/fr\/wp-json\/wp\/v2\/types\/page"}],"author":[{"embeddable":true,"href":"https:\/\/dydon.ai\/fr\/wp-json\/wp\/v2\/users\/4"}],"replies":[{"embeddable":true,"href":"https:\/\/dydon.ai\/fr\/wp-json\/wp\/v2\/comments?post=4726"}],"version-history":[{"count":4,"href":"https:\/\/dydon.ai\/fr\/wp-json\/wp\/v2\/pages\/4726\/revisions"}],"predecessor-version":[{"id":15610,"href":"https:\/\/dydon.ai\/fr\/wp-json\/wp\/v2\/pages\/4726\/revisions\/15610"}],"wp:attachment":[{"href":"https:\/\/dydon.ai\/fr\/wp-json\/wp\/v2\/media?parent=4726"}],"curies":[{"name":"wp","href":"https:\/\/api.w.org\/{rel}","templated":true}]}}