{"id":4670,"date":"2022-01-18T18:51:01","date_gmt":"2022-01-18T18:51:01","guid":{"rendered":"https:\/\/dydon.ai\/page-daccueil\/"},"modified":"2024-10-21T16:13:47","modified_gmt":"2024-10-21T16:13:47","slug":"page-daccueil","status":"publish","type":"page","link":"https:\/\/dydon.ai\/fr\/page-daccueil\/","title":{"rendered":"Page d&rsquo;accueil"},"content":{"rendered":"\n\n\n\n\n\n\n\n\n\n\n\n\n\n\n\n\n\n\n\n\n\n\n\n\n\n\n\n\n\n\n\n\n\n\n<figure class=\"wp-block-image size-full d-none\"><img loading=\"lazy\" decoding=\"async\" width=\"1440\" height=\"673\" src=\"https:\/\/dydon.ai\/wp-content\/uploads\/2022\/01\/iStock-695240866-1.png\" alt=\"\" class=\"wp-image-374\"\/><\/figure>\n\n\n\n\n\n\n\n\n\n\n\n\n\n\n\n\n","protected":false},"excerpt":{"rendered":"","protected":false},"author":4,"featured_media":0,"parent":0,"menu_order":0,"comment_status":"closed","ping_status":"closed","template":"","meta":{"content-type":"","_kad_blocks_custom_css":"","_kad_blocks_head_custom_js":"","_kad_blocks_body_custom_js":"","_kad_blocks_footer_custom_js":"","_kad_post_transparent":"","_kad_post_title":"","_kad_post_layout":"","_kad_post_sidebar_id":"","_kad_post_content_style":"","_kad_post_vertical_padding":"","_kad_post_feature":"","_kad_post_feature_position":"","_kad_post_header":false,"_kad_post_footer":false,"footnotes":""},"yoast_head":"<!-- This site is optimized with the Yoast SEO plugin v23.6 - https:\/\/yoast.com\/wordpress\/plugins\/seo\/ -->\n<title>Logiciel d&#039;IA pour le reporting de la taxonomie europ\u00e9enne - Dydon AI<\/title>\n<meta name=\"description\" content=\"La solution fintech d&#039;intelligence artificielle de Dydon AI pour le reporting de la taxonomie europ\u00e9enne est con\u00e7ue pour les banques et autres institutions financi\u00e8res.\" \/>\n<meta name=\"robots\" content=\"index, follow, max-snippet:-1, max-image-preview:large, max-video-preview:-1\" \/>\n<link rel=\"canonical\" href=\"https:\/\/dydon.ai\/fr\/page-daccueil\/\" \/>\n<meta property=\"og:locale\" content=\"fr_FR\" \/>\n<meta property=\"og:type\" content=\"article\" \/>\n<meta property=\"og:title\" content=\"L&#039;IA au service de la finance durable - Dydon AI\" \/>\n<meta property=\"og:description\" content=\"La puissante suite d&#039;outils d&#039;intelligence artificielle de Dydon AI pour la finance, la sant\u00e9 et le juridique peut soutenir votre entreprise en mettant en \u0153uvre des solutions d&#039;IA faciles et transparentes.\" \/>\n<meta property=\"og:url\" content=\"https:\/\/dydon.ai\/fr\/page-daccueil\/\" \/>\n<meta property=\"article:modified_time\" content=\"2024-10-21T16:13:47+00:00\" \/>\n<meta property=\"og:image\" content=\"http:\/\/stg.dydon.ai\/wp-content\/uploads\/2022\/05\/Preview-Website-DYDON-AI-6.jpg\" \/>\n<meta name=\"twitter:card\" content=\"summary_large_image\" \/>\n<meta name=\"twitter:title\" content=\"L&#039;IA au service de la finance durable - Dydon AI\" \/>\n<meta name=\"twitter:description\" content=\"La puissante suite d&#039;outils d&#039;intelligence artificielle de Dydon AI pour la finance, la sant\u00e9 et le juridique peut soutenir votre entreprise en mettant en \u0153uvre des solutions d&#039;IA faciles et transparentes.\" \/>\n<meta name=\"twitter:image\" content=\"http:\/\/stg.dydon.ai\/wp-content\/uploads\/2022\/05\/Preview-Website-DYDON-AI-6.jpg\" \/>\n<script type=\"application\/ld+json\" class=\"yoast-schema-graph\">{\"@context\":\"https:\/\/schema.org\",\"@graph\":[{\"@type\":\"WebPage\",\"@id\":\"https:\/\/dydon.ai\/fr\/page-daccueil\/\",\"url\":\"https:\/\/dydon.ai\/fr\/page-daccueil\/\",\"name\":\"Logiciel d'IA pour le reporting de la taxonomie europ\u00e9enne - Dydon AI\",\"isPartOf\":{\"@id\":\"https:\/\/dydon.ai\/fr\/#website\"},\"primaryImageOfPage\":{\"@id\":\"https:\/\/dydon.ai\/fr\/page-daccueil\/#primaryimage\"},\"image\":{\"@id\":\"https:\/\/dydon.ai\/fr\/page-daccueil\/#primaryimage\"},\"thumbnailUrl\":\"https:\/\/dydon.ai\/wp-content\/uploads\/2022\/01\/iStock-695240866-1.png\",\"datePublished\":\"2022-01-18T18:51:01+00:00\",\"dateModified\":\"2024-10-21T16:13:47+00:00\",\"description\":\"La solution fintech d'intelligence artificielle de Dydon AI pour le reporting de la taxonomie europ\u00e9enne est con\u00e7ue pour les banques et autres institutions financi\u00e8res.\",\"breadcrumb\":{\"@id\":\"https:\/\/dydon.ai\/fr\/page-daccueil\/#breadcrumb\"},\"inLanguage\":\"fr-FR\",\"potentialAction\":[{\"@type\":\"ReadAction\",\"target\":[\"https:\/\/dydon.ai\/fr\/page-daccueil\/\"]}]},{\"@type\":\"ImageObject\",\"inLanguage\":\"fr-FR\",\"@id\":\"https:\/\/dydon.ai\/fr\/page-daccueil\/#primaryimage\",\"url\":\"https:\/\/dydon.ai\/wp-content\/uploads\/2022\/01\/iStock-695240866-1.png\",\"contentUrl\":\"https:\/\/dydon.ai\/wp-content\/uploads\/2022\/01\/iStock-695240866-1.png\"},{\"@type\":\"BreadcrumbList\",\"@id\":\"https:\/\/dydon.ai\/fr\/page-daccueil\/#breadcrumb\",\"itemListElement\":[{\"@type\":\"ListItem\",\"position\":1,\"name\":\"Home\",\"item\":\"https:\/\/dydon.ai\/fr\/\"},{\"@type\":\"ListItem\",\"position\":2,\"name\":\"Page d&#8217;accueil\"}]},{\"@type\":\"WebSite\",\"@id\":\"https:\/\/dydon.ai\/fr\/#website\",\"url\":\"https:\/\/dydon.ai\/fr\/\",\"name\":\"\",\"description\":\"\",\"potentialAction\":[{\"@type\":\"SearchAction\",\"target\":{\"@type\":\"EntryPoint\",\"urlTemplate\":\"https:\/\/dydon.ai\/fr\/?s={search_term_string}\"},\"query-input\":{\"@type\":\"PropertyValueSpecification\",\"valueRequired\":true,\"valueName\":\"search_term_string\"}}],\"inLanguage\":\"fr-FR\"}]}<\/script>\n<!-- \/ Yoast SEO plugin. -->","yoast_head_json":{"title":"Logiciel d'IA pour le reporting de la taxonomie europ\u00e9enne - Dydon AI","description":"La solution fintech d'intelligence artificielle de Dydon AI pour le reporting de la taxonomie europ\u00e9enne est con\u00e7ue pour les banques et autres institutions financi\u00e8res.","robots":{"index":"index","follow":"follow","max-snippet":"max-snippet:-1","max-image-preview":"max-image-preview:large","max-video-preview":"max-video-preview:-1"},"canonical":"https:\/\/dydon.ai\/fr\/page-daccueil\/","og_locale":"fr_FR","og_type":"article","og_title":"L'IA au service de la finance durable - Dydon AI","og_description":"La puissante suite d'outils d'intelligence artificielle de Dydon AI pour la finance, la sant\u00e9 et le juridique peut soutenir votre entreprise en mettant en \u0153uvre des solutions d'IA faciles et transparentes.","og_url":"https:\/\/dydon.ai\/fr\/page-daccueil\/","article_modified_time":"2024-10-21T16:13:47+00:00","og_image":[{"url":"http:\/\/stg.dydon.ai\/wp-content\/uploads\/2022\/05\/Preview-Website-DYDON-AI-6.jpg"}],"twitter_card":"summary_large_image","twitter_title":"L'IA au service de la finance durable - Dydon AI","twitter_description":"La puissante suite d'outils d'intelligence artificielle de Dydon AI pour la finance, la sant\u00e9 et le juridique peut soutenir votre entreprise en mettant en \u0153uvre des solutions d'IA faciles et transparentes.","twitter_image":"http:\/\/stg.dydon.ai\/wp-content\/uploads\/2022\/05\/Preview-Website-DYDON-AI-6.jpg","schema":{"@context":"https:\/\/schema.org","@graph":[{"@type":"WebPage","@id":"https:\/\/dydon.ai\/fr\/page-daccueil\/","url":"https:\/\/dydon.ai\/fr\/page-daccueil\/","name":"Logiciel d'IA pour le reporting de la taxonomie europ\u00e9enne - Dydon AI","isPartOf":{"@id":"https:\/\/dydon.ai\/fr\/#website"},"primaryImageOfPage":{"@id":"https:\/\/dydon.ai\/fr\/page-daccueil\/#primaryimage"},"image":{"@id":"https:\/\/dydon.ai\/fr\/page-daccueil\/#primaryimage"},"thumbnailUrl":"https:\/\/dydon.ai\/wp-content\/uploads\/2022\/01\/iStock-695240866-1.png","datePublished":"2022-01-18T18:51:01+00:00","dateModified":"2024-10-21T16:13:47+00:00","description":"La solution fintech d'intelligence artificielle de Dydon AI pour le reporting de la taxonomie europ\u00e9enne est con\u00e7ue pour les banques et autres institutions financi\u00e8res.","breadcrumb":{"@id":"https:\/\/dydon.ai\/fr\/page-daccueil\/#breadcrumb"},"inLanguage":"fr-FR","potentialAction":[{"@type":"ReadAction","target":["https:\/\/dydon.ai\/fr\/page-daccueil\/"]}]},{"@type":"ImageObject","inLanguage":"fr-FR","@id":"https:\/\/dydon.ai\/fr\/page-daccueil\/#primaryimage","url":"https:\/\/dydon.ai\/wp-content\/uploads\/2022\/01\/iStock-695240866-1.png","contentUrl":"https:\/\/dydon.ai\/wp-content\/uploads\/2022\/01\/iStock-695240866-1.png"},{"@type":"BreadcrumbList","@id":"https:\/\/dydon.ai\/fr\/page-daccueil\/#breadcrumb","itemListElement":[{"@type":"ListItem","position":1,"name":"Home","item":"https:\/\/dydon.ai\/fr\/"},{"@type":"ListItem","position":2,"name":"Page d&#8217;accueil"}]},{"@type":"WebSite","@id":"https:\/\/dydon.ai\/fr\/#website","url":"https:\/\/dydon.ai\/fr\/","name":"","description":"","potentialAction":[{"@type":"SearchAction","target":{"@type":"EntryPoint","urlTemplate":"https:\/\/dydon.ai\/fr\/?s={search_term_string}"},"query-input":{"@type":"PropertyValueSpecification","valueRequired":true,"valueName":"search_term_string"}}],"inLanguage":"fr-FR"}]}},"taxonomy_info":[],"featured_image_src_large":false,"author_info":{"display_name":"Silva","author_link":"https:\/\/dydon.ai\/fr\/author\/silva\/"},"comment_info":0,"_links":{"self":[{"href":"https:\/\/dydon.ai\/fr\/wp-json\/wp\/v2\/pages\/4670"}],"collection":[{"href":"https:\/\/dydon.ai\/fr\/wp-json\/wp\/v2\/pages"}],"about":[{"href":"https:\/\/dydon.ai\/fr\/wp-json\/wp\/v2\/types\/page"}],"author":[{"embeddable":true,"href":"https:\/\/dydon.ai\/fr\/wp-json\/wp\/v2\/users\/4"}],"replies":[{"embeddable":true,"href":"https:\/\/dydon.ai\/fr\/wp-json\/wp\/v2\/comments?post=4670"}],"version-history":[{"count":5,"href":"https:\/\/dydon.ai\/fr\/wp-json\/wp\/v2\/pages\/4670\/revisions"}],"predecessor-version":[{"id":5676,"href":"https:\/\/dydon.ai\/fr\/wp-json\/wp\/v2\/pages\/4670\/revisions\/5676"}],"wp:attachment":[{"href":"https:\/\/dydon.ai\/fr\/wp-json\/wp\/v2\/media?parent=4670"}],"curies":[{"name":"wp","href":"https:\/\/api.w.org\/{rel}","templated":true}]}}