{"id":4741,"date":"2022-01-17T14:13:06","date_gmt":"2022-01-17T14:13:06","guid":{"rendered":"https:\/\/dydon.ai\/datenschutzbestimmungen\/"},"modified":"2025-08-24T16:50:17","modified_gmt":"2025-08-24T16:50:17","slug":"datenschutzbestimmungen","status":"publish","type":"page","link":"https:\/\/dydon.ai\/de\/datenschutzbestimmungen\/","title":{"rendered":"Datenschutzbestimmungen"},"content":{"rendered":"<style>.kb-row-layout-id4741_a310db-81 > .kt-row-column-wrap{align-content:start;}:where(.kb-row-layout-id4741_a310db-81 > .kt-row-column-wrap) > .wp-block-kadence-column{justify-content:start;}.kb-row-layout-id4741_a310db-81 > .kt-row-column-wrap{column-gap:var(--global-kb-gap-md, 2rem);row-gap:var(--global-kb-gap-md, 2rem);padding-top:var(--global-kb-spacing-sm, 1.5rem);padding-bottom:var(--global-kb-spacing-sm, 1.5rem);}.kb-row-layout-id4741_a310db-81 > .kt-row-column-wrap > div:not(.added-for-specificity){grid-column:initial;}.kb-row-layout-id4741_a310db-81 > .kt-row-column-wrap{grid-template-columns:minmax(0, 1fr) minmax(0, 6fr) minmax(0, 1fr);}.kb-row-layout-id4741_a310db-81 > .kt-row-layout-overlay{opacity:0.30;}@media all and (max-width: 1024px){.kb-row-layout-id4741_a310db-81 > .kt-row-column-wrap > div:not(.added-for-specificity){grid-column:initial;}}@media all and (max-width: 1024px){.kb-row-layout-id4741_a310db-81 > .kt-row-column-wrap{grid-template-columns:minmax(0, 1fr) minmax(0, 6fr) minmax(0, 1fr);}}@media all and (max-width: 767px){.kb-row-layout-id4741_a310db-81 > .kt-row-column-wrap > div:not(.added-for-specificity){grid-column:initial;}.kb-row-layout-id4741_a310db-81 > .kt-row-column-wrap{grid-template-columns:minmax(0, 1fr);}}<\/style><div class=\"kb-row-layout-wrap kb-row-layout-id4741_a310db-81 alignnone wp-block-kadence-rowlayout\"><div class=\"kt-row-column-wrap kt-has-3-columns kt-row-layout-center-exwide kt-tab-layout-inherit kt-mobile-layout-row kt-row-valign-top\">\n<style>.kadence-column4741_e0d68b-db > .kt-inside-inner-col,.kadence-column4741_e0d68b-db > .kt-inside-inner-col:before{border-top-left-radius:0px;border-top-right-radius:0px;border-bottom-right-radius:0px;border-bottom-left-radius:0px;}.kadence-column4741_e0d68b-db > .kt-inside-inner-col{column-gap:var(--global-kb-gap-sm, 1rem);}.kadence-column4741_e0d68b-db > .kt-inside-inner-col{flex-direction:column;}.kadence-column4741_e0d68b-db > .kt-inside-inner-col > .aligncenter{width:100%;}.kadence-column4741_e0d68b-db > .kt-inside-inner-col:before{opacity:0.3;}.kadence-column4741_e0d68b-db{position:relative;}@media all and (max-width: 1024px){.kadence-column4741_e0d68b-db > .kt-inside-inner-col{flex-direction:column;justify-content:center;}}@media all and (max-width: 767px){.kadence-column4741_e0d68b-db > .kt-inside-inner-col{flex-direction:column;justify-content:center;}}<\/style>\n<div class=\"wp-block-kadence-column kadence-column4741_e0d68b-db\"><div class=\"kt-inside-inner-col\"><\/div><\/div>\n\n\n<style>.kadence-column4741_84b806-19 > .kt-inside-inner-col,.kadence-column4741_84b806-19 > .kt-inside-inner-col:before{border-top-left-radius:0px;border-top-right-radius:0px;border-bottom-right-radius:0px;border-bottom-left-radius:0px;}.kadence-column4741_84b806-19 > .kt-inside-inner-col{column-gap:var(--global-kb-gap-sm, 1rem);}.kadence-column4741_84b806-19 > .kt-inside-inner-col{flex-direction:column;}.kadence-column4741_84b806-19 > .kt-inside-inner-col > .aligncenter{width:100%;}.kadence-column4741_84b806-19 > .kt-inside-inner-col:before{opacity:0.3;}.kadence-column4741_84b806-19{position:relative;}@media all and (max-width: 1024px){.kadence-column4741_84b806-19 > .kt-inside-inner-col{flex-direction:column;justify-content:center;}}@media all and (max-width: 767px){.kadence-column4741_84b806-19 > .kt-inside-inner-col{flex-direction:column;justify-content:center;}}<\/style>\n<div class=\"wp-block-kadence-column kadence-column4741_84b806-19\"><div class=\"kt-inside-inner-col\">\n<p>Datum des Inkrafttretens: 2022-02-28<\/p>\n\n\n\n<p>Aktualisiert am: 2022-02-28<\/p>\n\n\n\n<p>Diese Datenschutzrichtlinie erl\u00e4utert die Richtlinien der Dydon AG zur Erfassung und Verwendung der Informationen, die wir erfassen, wenn Sie auf https:\/\/dydon.ai\/ (den &#8222;Service&#8220;) zugreifen.<br>Diese Datenschutzerkl\u00e4rung beschreibt Ihre Datenschutzrechte und wie Sie durch Datenschutzgesetze gesch\u00fctzt sind.<\/p>\n\n\n\n<p>Indem Sie unseren Service nutzen, erkl\u00e4ren Sie sich mit der Erfassung und Nutzung Ihrer Daten gem\u00e4\u00df dieser Datenschutzrichtlinie einverstanden. Bitte nutzen Sie unseren Service nicht, wenn Sie mit der Erfassung und Nutzung Ihrer Daten, wie in dieser Datenschutzrichtlinie beschrieben, nicht einverstanden sind. Diese Datenschutzrichtlinie wurde mit Hilfe des CookieScript Privacy Policy Generator erstellt.<\/p>\n\n\n\n<p>Die Dydon AG ist berechtigt, diese Datenschutzrichtlinie jederzeit zu \u00e4ndern. Dies kann ohne vorherige Ank\u00fcndigung geschehen.<\/p>\n\n\n\n<p>Die Dydon AG wird die \u00fcberarbeiteten Datenschutzbestimmungen auf der Website https:\/\/dydon.ai\/ ver\u00f6ffentlichen.<\/p>\n\n\n\n<p>ERFASSUNG UND VERWENDUNG IHRER PERS\u00d6NLICHEN DATEN<\/p>\n\n\n\n<p>INFORMATIONEN, DIE WIR SAMMELN<\/p>\n\n\n\n<p>Wenn Sie unseren Service nutzen, werden Sie aufgefordert, uns pers\u00f6nliche Daten mitzuteilen, um Sie zu kontaktieren oder zu identifizieren. https:\/\/dydon.ai\/ collects the following<br>Informationen:<\/p>\n\n\n\n<ul>\n<li>Verwendungsdaten<\/li>\n\n\n\n<li>Name<\/li>\n\n\n\n<li>E-Mail<\/li>\n\n\n\n<li>Webinar<\/li>\n<\/ul>\n\n\n\n<p>Zu den Nutzungsdaten geh\u00f6ren die folgenden:<\/p>\n\n\n\n<ul>\n<li>Internet Protocol (IP)-Adresse der Computer, die auf die Website zugreifen<\/li>\n\n\n\n<li>Webseitenanfragen<\/li>\n\n\n\n<li>Verweisende Webseiten<\/li>\n\n\n\n<li>F\u00fcr den Zugriff auf die Website verwendeter Browser<\/li>\n\n\n\n<li>Uhrzeit und Datum des Zugriffs<\/li>\n<\/ul>\n\n\n\n<p>WIE WIR INFORMATIONEN SAMMELN<\/p>\n\n\n\n<p>https:\/\/dydon.ai\/ collects and receives information from you in the following manner:<\/p>\n\n\n\n<ul>\n<li>Wenn Sie ein Anmeldeformular ausf\u00fcllen oder auf andere Weise Ihre pers\u00f6nlichen Daten \u00fcbermitteln.<\/li>\n<\/ul>\n\n\n\n<p>Ihre Daten werden bis zu 30 Tage lang gespeichert, nachdem sie nicht mehr ben\u00f6tigt werden, um Ihnen die Dienste zur Verf\u00fcgung zu stellen. Ihre Informationen k\u00f6nnen l\u00e4nger aufbewahrt werden<br>Fristen f\u00fcr die Berichterstattung oder Aufbewahrung von Aufzeichnungen in \u00dcbereinstimmung mit den geltenden Gesetzen. Informationen, die Sie nicht pers\u00f6nlich identifizieren, k\u00f6nnen auf unbestimmte Zeit gespeichert werden.<\/p>\n\n\n\n<p>WIE WIR IHRE INFORMATIONEN VERWENDEN<\/p>\n\n\n\n<p>https:\/\/dydon.ai\/ may use your information for the following purposes:<\/p>\n\n\n\n<ul>\n<li>Um Sie zu kontaktieren. Die Dydon AG wird Sie per E-Mail, Telefon, SMS oder einer anderen Form der elektronischen Kommunikation in Bezug auf die Funktionen, Produkte, Dienstleistungen oder<br>Sicherheitsupdates, wenn n\u00f6tig oder sinnvoll.<\/li>\n\n\n\n<li>Um Sie \u00fcber Neuigkeiten, allgemeine Informationen, Sonderangebote, neue Dienstleistungen und Veranstaltungen zu informieren.<\/li>\n\n\n\n<li>Marketing- und Werbeinitiativen. Die Dydon AG wird die von Ihnen gesammelten unspezifischen Informationen verwenden, um unsere Marketingma\u00dfnahmen zu verbessern.<\/li>\n<\/ul>\n\n\n\n<p>WIE WIR IHRE INFORMATIONEN WEITERGEBEN<\/p>\n\n\n\n<p>Die Dydon AG wird Ihre Daten gegebenenfalls in den folgenden Situationen weitergeben:<\/p>\n\n\n\n<ul>\n<li>Mit Ihrer Zustimmung. Die Dydon AG gibt Ihre Daten nur mit Ihrer ausdr\u00fccklichen Zustimmung f\u00fcr andere Zwecke weiter.<\/li>\n<\/ul>\n\n\n\n<p>FREIGABE DURCH DRITTE<\/p>\n\n\n\n<p>Ihre Daten k\u00f6nnen aus weiteren Gr\u00fcnden weitergegeben werden, darunter:<\/p>\n\n\n\n<ul>\n<li>Die Einhaltung geltender Gesetze, Vorschriften oder gerichtlicher Anordnungen.<\/li>\n\n\n\n<li>Reagieren auf Behauptungen, dass Ihre Nutzung unseres Service die Rechte Dritter verletzt.<\/li>\n\n\n\n<li>Durchsetzung von Vereinbarungen, die Sie mit uns getroffen haben, einschlie\u00dflich dieser Datenschutzrichtlinie.<\/li>\n<\/ul>\n\n\n\n<p>COOKIES<\/p>\n\n\n\n<p>Cookies sind kleine Textdateien, die von Websites, die Sie besuchen, auf Ihrem Computer gespeichert werden. Websites verwenden Cookies, damit Benutzer effizient navigieren und die<br>bestimmte Funktionen. Cookies, die f\u00fcr den ordnungsgem\u00e4\u00dfen Betrieb der Website erforderlich sind, d\u00fcrfen auch ohne Ihre Zustimmung gesetzt werden. Alle anderen Cookies m\u00fcssen sein<br>genehmigt werden, bevor sie im Browser eingestellt werden k\u00f6nnen.<\/p>\n\n\n\n<ul>\n<li>Streng notwendige Cookies. Streng notwendige Cookies erm\u00f6glichen Kernfunktionen der Website wie Benutzeranmeldung und Kontoverwaltung. Die Website kann nicht genutzt werden<br>ohne die unbedingt notwendigen Cookies nicht richtig funktionieren.<\/li>\n\n\n\n<li>Zielgerichtete Cookies. Targeting-Cookies werden verwendet, um Besucher zwischen verschiedenen Websites zu identifizieren, z.B.. Inhaltspartner, Bannernetzwerke. Diese Cookies k\u00f6nnen sein<br>von Unternehmen verwendet, um ein Profil der Besucherinteressen zu erstellen oder relevante Werbung auf anderen Websites anzuzeigen.<\/li>\n\n\n\n<li>Funktionale Cookies. Funktionalit\u00e4ts-Cookies werden verwendet, um Besucherinformationen auf der Website zu speichern, z.B.. Sprache, Zeitzone, erweiterter Inhalt.<\/li>\n\n\n\n<li>Performance Cookies. Performance-Cookies werden verwendet, um zu sehen, wie Besucher die Website nutzen, z.B.. analytische Cookies. Diese Cookies k\u00f6nnen nicht verwendet werden, um direkt<br>einen bestimmten Besucher zu identifizieren.<\/li>\n<\/ul>\n\n\n\n<p>Sie k\u00f6nnen Ihre Zustimmung zur Cookie-Nutzung \u00e4ndern <strong>\n  <a href=\"https:\/\/dydon.ai\/de\/cookie-richtlinie\/\" data-type=\"page\" data-id=\"872\" target=\"_blank\" rel=\"noreferrer noopener\">hier<\/a>\n<\/strong><\/p>\n\n\n\n<p>SICHERHEIT<\/p>\n\n\n\n<p>Die Sicherheit Ihrer Daten ist f\u00fcr uns wichtig. https:\/\/dydon.ai\/ utilizes a range of security measures to prevent the misuse, loss, or alteration of the<br>Informationen, die Sie uns gegeben haben. Da wir jedoch nicht f\u00fcr die Sicherheit der von Ihnen bereitgestellten Informationen garantieren k\u00f6nnen, m\u00fcssen Sie den Zugriff auf unseren Service auf eigene Verantwortung vornehmen.<br>Risiko.<\/p>\n\n\n\n<p>Die Dydon AG ist nicht verantwortlich f\u00fcr die Leistung von Websites, die von Dritten betrieben werden, oder f\u00fcr Ihre Interaktionen mit diesen Websites. Wenn Sie diese Website verlassen, empfehlen wir<br>Sie die Datenschutzpraktiken anderer Websites, mit denen Sie interagieren, \u00fcberpr\u00fcfen und die Angemessenheit dieser Praktiken feststellen.<\/p>\n\n\n\n<p>KONTAKT US<\/p>\n\n\n\n<p>Wenn Sie Fragen haben, kontaktieren Sie uns bitte \u00fcber die folgenden Methoden:<\/p>\n\n\n\n<p>Name: Dydon AG<\/p>\n\n\n\n<p>Adresse: Hechlenberg 17 CH-8704 Herrliberg<\/p>\n\n\n\n<p>E-Mail: info@dydon.ai<\/p>\n\n\n\n<p>Website: dydon.ai<\/p>\n<\/div><\/div>\n\n\n<style>.kadence-column4741_3a529d-1e > .kt-inside-inner-col,.kadence-column4741_3a529d-1e > .kt-inside-inner-col:before{border-top-left-radius:0px;border-top-right-radius:0px;border-bottom-right-radius:0px;border-bottom-left-radius:0px;}.kadence-column4741_3a529d-1e > .kt-inside-inner-col{column-gap:var(--global-kb-gap-sm, 1rem);}.kadence-column4741_3a529d-1e > .kt-inside-inner-col{flex-direction:column;}.kadence-column4741_3a529d-1e > .kt-inside-inner-col > .aligncenter{width:100%;}.kadence-column4741_3a529d-1e > .kt-inside-inner-col:before{opacity:0.3;}.kadence-column4741_3a529d-1e{position:relative;}@media all and (max-width: 1024px){.kadence-column4741_3a529d-1e > .kt-inside-inner-col{flex-direction:column;justify-content:center;}}@media all and (max-width: 767px){.kadence-column4741_3a529d-1e > .kt-inside-inner-col{flex-direction:column;justify-content:center;}}<\/style>\n<div class=\"wp-block-kadence-column kadence-column4741_3a529d-1e\"><div class=\"kt-inside-inner-col\"><\/div><\/div>\n\n<\/div><\/div>\n\n\n<p><\/p>\n","protected":false},"excerpt":{"rendered":"<p>Datum des Inkrafttretens: 2022-02-28 Aktualisiert am: 2022-02-28 Diese Datenschutzrichtlinie erl\u00e4utert die Richtlinien der Dydon AG zur Erfassung und Verwendung der Informationen, die wir erfassen, wenn Sie auf https:\/\/dydon.ai\/ (den &#8222;Service&#8220;) zugreifen.Diese Datenschutzerkl\u00e4rung beschreibt Ihre Datenschutzrechte und wie Sie durch Datenschutzgesetze gesch\u00fctzt sind. Indem Sie unseren Service nutzen, erkl\u00e4ren Sie sich mit der Erfassung und Nutzung&#8230;<\/p>\n","protected":false},"author":1,"featured_media":0,"parent":0,"menu_order":0,"comment_status":"closed","ping_status":"closed","template":"page-dark-page-template.php","meta":{"content-type":"","_kad_blocks_custom_css":"","_kad_blocks_head_custom_js":"","_kad_blocks_body_custom_js":"","_kad_blocks_footer_custom_js":"","_kad_post_transparent":"","_kad_post_title":"","_kad_post_layout":"","_kad_post_sidebar_id":"","_kad_post_content_style":"","_kad_post_vertical_padding":"","_kad_post_feature":"","_kad_post_feature_position":"","_kad_post_header":false,"_kad_post_footer":false,"footnotes":""},"yoast_head":"<!-- This site is optimized with the Yoast SEO plugin v23.6 - https:\/\/yoast.com\/wordpress\/plugins\/seo\/ -->\n<title>Datenschutzrichtlinie - Dydon AI<\/title>\n<meta name=\"description\" content=\"Dydon AI respektiert den Schutz Ihrer Daten. Erfahren Sie, wie wir Ihre pers\u00f6nlichen Daten behandeln, wenn Sie unsere Website besuchen.\" \/>\n<meta name=\"robots\" content=\"index, follow, max-snippet:-1, max-image-preview:large, max-video-preview:-1\" \/>\n<link rel=\"canonical\" href=\"https:\/\/dydon.ai\/de\/datenschutzbestimmungen\/\" \/>\n<meta property=\"og:locale\" content=\"de_DE\" \/>\n<meta property=\"og:type\" content=\"article\" \/>\n<meta property=\"og:title\" content=\"Datenschutzrichtlinie - Dydon AI\" \/>\n<meta property=\"og:description\" content=\"Dydon AI respektiert den Schutz Ihrer Daten. Erfahren Sie, wie wir Ihre pers\u00f6nlichen Daten behandeln, wenn Sie unsere Website besuchen.\" \/>\n<meta property=\"og:url\" content=\"https:\/\/dydon.ai\/de\/datenschutzbestimmungen\/\" \/>\n<meta property=\"article:modified_time\" content=\"2025-08-24T16:50:17+00:00\" \/>\n<meta name=\"twitter:card\" content=\"summary_large_image\" \/>\n<meta name=\"twitter:label1\" content=\"Gesch\u00e4tzte Lesezeit\" \/>\n\t<meta name=\"twitter:data1\" content=\"4 Minuten\" \/>\n<script type=\"application\/ld+json\" class=\"yoast-schema-graph\">{\"@context\":\"https:\/\/schema.org\",\"@graph\":[{\"@type\":\"WebPage\",\"@id\":\"https:\/\/dydon.ai\/de\/datenschutzbestimmungen\/\",\"url\":\"https:\/\/dydon.ai\/de\/datenschutzbestimmungen\/\",\"name\":\"Datenschutzrichtlinie - Dydon AI\",\"isPartOf\":{\"@id\":\"https:\/\/dydon.ai\/de\/#website\"},\"datePublished\":\"2022-01-17T14:13:06+00:00\",\"dateModified\":\"2025-08-24T16:50:17+00:00\",\"description\":\"Dydon AI respektiert den Schutz Ihrer Daten. Erfahren Sie, wie wir Ihre pers\u00f6nlichen Daten behandeln, wenn Sie unsere Website besuchen.\",\"breadcrumb\":{\"@id\":\"https:\/\/dydon.ai\/de\/datenschutzbestimmungen\/#breadcrumb\"},\"inLanguage\":\"de-DE\",\"potentialAction\":[{\"@type\":\"ReadAction\",\"target\":[\"https:\/\/dydon.ai\/de\/datenschutzbestimmungen\/\"]}]},{\"@type\":\"BreadcrumbList\",\"@id\":\"https:\/\/dydon.ai\/de\/datenschutzbestimmungen\/#breadcrumb\",\"itemListElement\":[{\"@type\":\"ListItem\",\"position\":1,\"name\":\"Home\",\"item\":\"https:\/\/dydon.ai\/de\/\"},{\"@type\":\"ListItem\",\"position\":2,\"name\":\"Datenschutzbestimmungen\"}]},{\"@type\":\"WebSite\",\"@id\":\"https:\/\/dydon.ai\/de\/#website\",\"url\":\"https:\/\/dydon.ai\/de\/\",\"name\":\"\",\"description\":\"\",\"potentialAction\":[{\"@type\":\"SearchAction\",\"target\":{\"@type\":\"EntryPoint\",\"urlTemplate\":\"https:\/\/dydon.ai\/de\/?s={search_term_string}\"},\"query-input\":{\"@type\":\"PropertyValueSpecification\",\"valueRequired\":true,\"valueName\":\"search_term_string\"}}],\"inLanguage\":\"de-DE\"}]}<\/script>\n<!-- \/ Yoast SEO plugin. -->","yoast_head_json":{"title":"Datenschutzrichtlinie - Dydon AI","description":"Dydon AI respektiert den Schutz Ihrer Daten. Erfahren Sie, wie wir Ihre pers\u00f6nlichen Daten behandeln, wenn Sie unsere Website besuchen.","robots":{"index":"index","follow":"follow","max-snippet":"max-snippet:-1","max-image-preview":"max-image-preview:large","max-video-preview":"max-video-preview:-1"},"canonical":"https:\/\/dydon.ai\/de\/datenschutzbestimmungen\/","og_locale":"de_DE","og_type":"article","og_title":"Datenschutzrichtlinie - Dydon AI","og_description":"Dydon AI respektiert den Schutz Ihrer Daten. Erfahren Sie, wie wir Ihre pers\u00f6nlichen Daten behandeln, wenn Sie unsere Website besuchen.","og_url":"https:\/\/dydon.ai\/de\/datenschutzbestimmungen\/","article_modified_time":"2025-08-24T16:50:17+00:00","twitter_card":"summary_large_image","twitter_misc":{"Gesch\u00e4tzte Lesezeit":"4 Minuten"},"schema":{"@context":"https:\/\/schema.org","@graph":[{"@type":"WebPage","@id":"https:\/\/dydon.ai\/de\/datenschutzbestimmungen\/","url":"https:\/\/dydon.ai\/de\/datenschutzbestimmungen\/","name":"Datenschutzrichtlinie - Dydon AI","isPartOf":{"@id":"https:\/\/dydon.ai\/de\/#website"},"datePublished":"2022-01-17T14:13:06+00:00","dateModified":"2025-08-24T16:50:17+00:00","description":"Dydon AI respektiert den Schutz Ihrer Daten. Erfahren Sie, wie wir Ihre pers\u00f6nlichen Daten behandeln, wenn Sie unsere Website besuchen.","breadcrumb":{"@id":"https:\/\/dydon.ai\/de\/datenschutzbestimmungen\/#breadcrumb"},"inLanguage":"de-DE","potentialAction":[{"@type":"ReadAction","target":["https:\/\/dydon.ai\/de\/datenschutzbestimmungen\/"]}]},{"@type":"BreadcrumbList","@id":"https:\/\/dydon.ai\/de\/datenschutzbestimmungen\/#breadcrumb","itemListElement":[{"@type":"ListItem","position":1,"name":"Home","item":"https:\/\/dydon.ai\/de\/"},{"@type":"ListItem","position":2,"name":"Datenschutzbestimmungen"}]},{"@type":"WebSite","@id":"https:\/\/dydon.ai\/de\/#website","url":"https:\/\/dydon.ai\/de\/","name":"","description":"","potentialAction":[{"@type":"SearchAction","target":{"@type":"EntryPoint","urlTemplate":"https:\/\/dydon.ai\/de\/?s={search_term_string}"},"query-input":{"@type":"PropertyValueSpecification","valueRequired":true,"valueName":"search_term_string"}}],"inLanguage":"de-DE"}]}},"taxonomy_info":[],"featured_image_src_large":false,"author_info":{"display_name":"admin","author_link":"https:\/\/dydon.ai\/de\/author\/admin\/"},"comment_info":0,"_links":{"self":[{"href":"https:\/\/dydon.ai\/de\/wp-json\/wp\/v2\/pages\/4741"}],"collection":[{"href":"https:\/\/dydon.ai\/de\/wp-json\/wp\/v2\/pages"}],"about":[{"href":"https:\/\/dydon.ai\/de\/wp-json\/wp\/v2\/types\/page"}],"author":[{"embeddable":true,"href":"https:\/\/dydon.ai\/de\/wp-json\/wp\/v2\/users\/1"}],"replies":[{"embeddable":true,"href":"https:\/\/dydon.ai\/de\/wp-json\/wp\/v2\/comments?post=4741"}],"version-history":[{"count":4,"href":"https:\/\/dydon.ai\/de\/wp-json\/wp\/v2\/pages\/4741\/revisions"}],"predecessor-version":[{"id":15608,"href":"https:\/\/dydon.ai\/de\/wp-json\/wp\/v2\/pages\/4741\/revisions\/15608"}],"wp:attachment":[{"href":"https:\/\/dydon.ai\/de\/wp-json\/wp\/v2\/media?parent=4741"}],"curies":[{"name":"wp","href":"https:\/\/api.w.org\/{rel}","templated":true}]}}