{"id":4729,"date":"2022-07-13T09:49:27","date_gmt":"2022-07-13T09:49:27","guid":{"rendered":"https:\/\/dydon.ai\/impressum\/"},"modified":"2025-08-24T16:51:14","modified_gmt":"2025-08-24T16:51:14","slug":"impressum","status":"publish","type":"page","link":"https:\/\/dydon.ai\/de\/impressum\/","title":{"rendered":"Impressum"},"content":{"rendered":"<style>.kb-row-layout-id4729_bf1666-8d > .kt-row-column-wrap{align-content:start;}:where(.kb-row-layout-id4729_bf1666-8d > .kt-row-column-wrap) > .wp-block-kadence-column{justify-content:start;}.kb-row-layout-id4729_bf1666-8d > .kt-row-column-wrap{column-gap:var(--global-kb-gap-md, 2rem);row-gap:var(--global-kb-gap-md, 2rem);padding-top:var(--global-kb-spacing-sm, 1.5rem);padding-bottom:var(--global-kb-spacing-sm, 1.5rem);}.kb-row-layout-id4729_bf1666-8d > .kt-row-column-wrap > div:not(.added-for-specificity){grid-column:initial;}.kb-row-layout-id4729_bf1666-8d > .kt-row-column-wrap{grid-template-columns:minmax(0, 1fr) minmax(0, 6fr) minmax(0, 1fr);}.kb-row-layout-id4729_bf1666-8d > .kt-row-layout-overlay{opacity:0.30;}@media all and (max-width: 1024px){.kb-row-layout-id4729_bf1666-8d > .kt-row-column-wrap > div:not(.added-for-specificity){grid-column:initial;}}@media all and (max-width: 1024px){.kb-row-layout-id4729_bf1666-8d > .kt-row-column-wrap{grid-template-columns:minmax(0, 1fr) minmax(0, 6fr) minmax(0, 1fr);}}@media all and (max-width: 767px){.kb-row-layout-id4729_bf1666-8d > .kt-row-column-wrap > div:not(.added-for-specificity){grid-column:initial;}.kb-row-layout-id4729_bf1666-8d > .kt-row-column-wrap{grid-template-columns:minmax(0, 1fr);}}<\/style><div class=\"kb-row-layout-wrap kb-row-layout-id4729_bf1666-8d alignnone wp-block-kadence-rowlayout\"><div class=\"kt-row-column-wrap kt-has-3-columns kt-row-layout-center-exwide kt-tab-layout-inherit kt-mobile-layout-row kt-row-valign-top\">\n<style>.kadence-column4729_aa815a-dc > .kt-inside-inner-col,.kadence-column4729_aa815a-dc > .kt-inside-inner-col:before{border-top-left-radius:0px;border-top-right-radius:0px;border-bottom-right-radius:0px;border-bottom-left-radius:0px;}.kadence-column4729_aa815a-dc > .kt-inside-inner-col{column-gap:var(--global-kb-gap-sm, 1rem);}.kadence-column4729_aa815a-dc > .kt-inside-inner-col{flex-direction:column;}.kadence-column4729_aa815a-dc > .kt-inside-inner-col > .aligncenter{width:100%;}.kadence-column4729_aa815a-dc > .kt-inside-inner-col:before{opacity:0.3;}.kadence-column4729_aa815a-dc{position:relative;}@media all and (max-width: 1024px){.kadence-column4729_aa815a-dc > .kt-inside-inner-col{flex-direction:column;justify-content:center;}}@media all and (max-width: 767px){.kadence-column4729_aa815a-dc > .kt-inside-inner-col{flex-direction:column;justify-content:center;}}<\/style>\n<div class=\"wp-block-kadence-column kadence-column4729_aa815a-dc\"><div class=\"kt-inside-inner-col\"><\/div><\/div>\n\n\n<style>.kadence-column4729_312458-cd > .kt-inside-inner-col,.kadence-column4729_312458-cd > .kt-inside-inner-col:before{border-top-left-radius:0px;border-top-right-radius:0px;border-bottom-right-radius:0px;border-bottom-left-radius:0px;}.kadence-column4729_312458-cd > .kt-inside-inner-col{column-gap:var(--global-kb-gap-sm, 1rem);}.kadence-column4729_312458-cd > .kt-inside-inner-col{flex-direction:column;}.kadence-column4729_312458-cd > .kt-inside-inner-col > .aligncenter{width:100%;}.kadence-column4729_312458-cd > .kt-inside-inner-col:before{opacity:0.3;}.kadence-column4729_312458-cd{position:relative;}@media all and (max-width: 1024px){.kadence-column4729_312458-cd > .kt-inside-inner-col{flex-direction:column;justify-content:center;}}@media all and (max-width: 767px){.kadence-column4729_312458-cd > .kt-inside-inner-col{flex-direction:column;justify-content:center;}}<\/style>\n<div class=\"wp-block-kadence-column kadence-column4729_312458-cd\"><div class=\"kt-inside-inner-col\">\n<h2 class=\"wp-block-heading\">DYDON AG<\/h2>\n\n\n\n<p><strong>Adresse des Unternehmens<\/strong><\/p>\n\n\n\n<p>Hechlenberg 17, CH-8704 Herrliberg (Schweiz)<\/p>\n\n\n\n<p><strong>Handelsregister des Kantons Z\u00fcrich<\/strong><\/p>\n\n\n\n<p>Registrierungsnummer: CHE-249.326.857<\/p>\n\n\n\n<p>Eingetragen am 30.11.2016<\/p>\n\n\n\n<p><strong>CEO und Gr\u00fcnder des Unternehmens<\/strong><\/p>\n\n\n\n<p>Dr. Hans-Peter G\u00fcllich<\/p>\n\n\n\n<h3 class=\"wp-block-heading\">Zweck<\/h3>\n\n\n\n<p>Der Zweck des Unternehmens ist die Erbringung von Beratungs- und IT-Dienstleistungen sowie die Entwicklung und der Betrieb von Informations- und Wissenssystemen f\u00fcr Unternehmen. Die Gesellschaft kann Zweigniederlassungen und Tochtergesellschaften in Tochtergesellschaften im In- und Ausland errichten und sich an anderen Unternehmen im In- und Ausland beteiligen sowie alle Gesch\u00e4fte t\u00e4tigen, die direkt oder indirekt mit ihrem Zweck in Zusammenhang stehen. Die Gesellschaft kann in der Schweiz und im Ausland Immobilien erwerben, belasten, ver\u00e4u\u00dfern und verwalten.<br>Sie kann auch Finanzierungen f\u00fcr eigene oder fremde Rechnung vornehmen sowie Garantien und B\u00fcrgschaften f\u00fcr Tochtergesellschaften und Dritte \u00fcbernehmen.<\/p>\n\n\n\n<p>E-Mail: info@dydon.ai<\/p>\n\n\n\n<p>Website: <a href=\"http:\/\/dydon.ai\" target=\"_blank\" rel=\"noreferrer noopener\">dydon.ai<\/a><\/p>\n\n\n\n<p><\/p>\n\n\n\n<h3 class=\"wp-block-heading\">Design und Entwicklung der Website<\/h3>\n\n\n\n<h4 class=\"wp-block-heading\">TSW S.r.l.<\/h4>\n\n\n\n<p>Hauptquartier und Experience Lab: Via Terraglio, 68 &#8211; 31100 Treviso (TV) &#8211; Italien<strong><br><\/strong>Tel. +39 0422 5115 &#8211; <a href=\"mailto:info@tsw.it\" target=\"_blank\" rel=\"noreferrer noopener\">info@tsw.it <\/a><\/p>\n<\/div><\/div>\n\n\n<style>.kadence-column4729_41511e-66 > .kt-inside-inner-col,.kadence-column4729_41511e-66 > .kt-inside-inner-col:before{border-top-left-radius:0px;border-top-right-radius:0px;border-bottom-right-radius:0px;border-bottom-left-radius:0px;}.kadence-column4729_41511e-66 > .kt-inside-inner-col{column-gap:var(--global-kb-gap-sm, 1rem);}.kadence-column4729_41511e-66 > .kt-inside-inner-col{flex-direction:column;}.kadence-column4729_41511e-66 > .kt-inside-inner-col > .aligncenter{width:100%;}.kadence-column4729_41511e-66 > .kt-inside-inner-col:before{opacity:0.3;}.kadence-column4729_41511e-66{position:relative;}@media all and (max-width: 1024px){.kadence-column4729_41511e-66 > .kt-inside-inner-col{flex-direction:column;justify-content:center;}}@media all and (max-width: 767px){.kadence-column4729_41511e-66 > .kt-inside-inner-col{flex-direction:column;justify-content:center;}}<\/style>\n<div class=\"wp-block-kadence-column kadence-column4729_41511e-66\"><div class=\"kt-inside-inner-col\"><\/div><\/div>\n\n<\/div><\/div>\n\n\n<div style=\"height:52px\" aria-hidden=\"true\" class=\"wp-block-spacer\"><\/div>\n\n\n\n<h2 class=\"wp-block-heading\"><\/h2>\n","protected":false},"excerpt":{"rendered":"<p>DYDON AG Adresse des Unternehmens Hechlenberg 17, CH-8704 Herrliberg (Schweiz) Handelsregister des Kantons Z\u00fcrich Registrierungsnummer: CHE-249.326.857 Eingetragen am 30.11.2016 CEO und Gr\u00fcnder des Unternehmens Dr. Hans-Peter G\u00fcllich Zweck Der Zweck des Unternehmens ist die Erbringung von Beratungs- und IT-Dienstleistungen sowie die Entwicklung und der Betrieb von Informations- und Wissenssystemen f\u00fcr Unternehmen. Die Gesellschaft kann Zweigniederlassungen&#8230;<\/p>\n","protected":false},"author":4,"featured_media":0,"parent":0,"menu_order":0,"comment_status":"closed","ping_status":"closed","template":"page-dark-page-template.php","meta":{"content-type":"","_kad_blocks_custom_css":"","_kad_blocks_head_custom_js":"","_kad_blocks_body_custom_js":"","_kad_blocks_footer_custom_js":"","_kad_post_transparent":"","_kad_post_title":"","_kad_post_layout":"","_kad_post_sidebar_id":"","_kad_post_content_style":"","_kad_post_vertical_padding":"","_kad_post_feature":"","_kad_post_feature_position":"","_kad_post_header":false,"_kad_post_footer":false,"footnotes":""},"yoast_head":"<!-- This site is optimized with the Yoast SEO plugin v23.6 - https:\/\/yoast.com\/wordpress\/plugins\/seo\/ -->\n<title>Impressum der Dydon AG<\/title>\n<meta name=\"description\" content=\"Impressum der Dydon AG\" \/>\n<meta name=\"robots\" content=\"index, follow, max-snippet:-1, max-image-preview:large, max-video-preview:-1\" \/>\n<link rel=\"canonical\" href=\"https:\/\/dydon.ai\/de\/impressum\/\" \/>\n<meta property=\"og:locale\" content=\"de_DE\" \/>\n<meta property=\"og:type\" content=\"article\" \/>\n<meta property=\"og:title\" content=\"Impressum der Dydon AG\" \/>\n<meta property=\"og:description\" content=\"Impressum der Dydon AG\" \/>\n<meta property=\"og:url\" content=\"https:\/\/dydon.ai\/de\/impressum\/\" \/>\n<meta property=\"article:modified_time\" content=\"2025-08-24T16:51:14+00:00\" \/>\n<meta name=\"twitter:card\" content=\"summary_large_image\" \/>\n<meta name=\"twitter:label1\" content=\"Gesch\u00e4tzte Lesezeit\" \/>\n\t<meta name=\"twitter:data1\" content=\"1 Minute\" \/>\n<script type=\"application\/ld+json\" class=\"yoast-schema-graph\">{\"@context\":\"https:\/\/schema.org\",\"@graph\":[{\"@type\":\"WebPage\",\"@id\":\"https:\/\/dydon.ai\/de\/impressum\/\",\"url\":\"https:\/\/dydon.ai\/de\/impressum\/\",\"name\":\"Impressum der Dydon AG\",\"isPartOf\":{\"@id\":\"https:\/\/dydon.ai\/de\/#website\"},\"datePublished\":\"2022-07-13T09:49:27+00:00\",\"dateModified\":\"2025-08-24T16:51:14+00:00\",\"description\":\"Impressum der Dydon AG\",\"breadcrumb\":{\"@id\":\"https:\/\/dydon.ai\/de\/impressum\/#breadcrumb\"},\"inLanguage\":\"de-DE\",\"potentialAction\":[{\"@type\":\"ReadAction\",\"target\":[\"https:\/\/dydon.ai\/de\/impressum\/\"]}]},{\"@type\":\"BreadcrumbList\",\"@id\":\"https:\/\/dydon.ai\/de\/impressum\/#breadcrumb\",\"itemListElement\":[{\"@type\":\"ListItem\",\"position\":1,\"name\":\"Home\",\"item\":\"https:\/\/dydon.ai\/de\/\"},{\"@type\":\"ListItem\",\"position\":2,\"name\":\"Impressum\"}]},{\"@type\":\"WebSite\",\"@id\":\"https:\/\/dydon.ai\/de\/#website\",\"url\":\"https:\/\/dydon.ai\/de\/\",\"name\":\"\",\"description\":\"\",\"potentialAction\":[{\"@type\":\"SearchAction\",\"target\":{\"@type\":\"EntryPoint\",\"urlTemplate\":\"https:\/\/dydon.ai\/de\/?s={search_term_string}\"},\"query-input\":{\"@type\":\"PropertyValueSpecification\",\"valueRequired\":true,\"valueName\":\"search_term_string\"}}],\"inLanguage\":\"de-DE\"}]}<\/script>\n<!-- \/ Yoast SEO plugin. -->","yoast_head_json":{"title":"Impressum der Dydon AG","description":"Impressum der Dydon AG","robots":{"index":"index","follow":"follow","max-snippet":"max-snippet:-1","max-image-preview":"max-image-preview:large","max-video-preview":"max-video-preview:-1"},"canonical":"https:\/\/dydon.ai\/de\/impressum\/","og_locale":"de_DE","og_type":"article","og_title":"Impressum der Dydon AG","og_description":"Impressum der Dydon AG","og_url":"https:\/\/dydon.ai\/de\/impressum\/","article_modified_time":"2025-08-24T16:51:14+00:00","twitter_card":"summary_large_image","twitter_misc":{"Gesch\u00e4tzte Lesezeit":"1 Minute"},"schema":{"@context":"https:\/\/schema.org","@graph":[{"@type":"WebPage","@id":"https:\/\/dydon.ai\/de\/impressum\/","url":"https:\/\/dydon.ai\/de\/impressum\/","name":"Impressum der Dydon AG","isPartOf":{"@id":"https:\/\/dydon.ai\/de\/#website"},"datePublished":"2022-07-13T09:49:27+00:00","dateModified":"2025-08-24T16:51:14+00:00","description":"Impressum der Dydon AG","breadcrumb":{"@id":"https:\/\/dydon.ai\/de\/impressum\/#breadcrumb"},"inLanguage":"de-DE","potentialAction":[{"@type":"ReadAction","target":["https:\/\/dydon.ai\/de\/impressum\/"]}]},{"@type":"BreadcrumbList","@id":"https:\/\/dydon.ai\/de\/impressum\/#breadcrumb","itemListElement":[{"@type":"ListItem","position":1,"name":"Home","item":"https:\/\/dydon.ai\/de\/"},{"@type":"ListItem","position":2,"name":"Impressum"}]},{"@type":"WebSite","@id":"https:\/\/dydon.ai\/de\/#website","url":"https:\/\/dydon.ai\/de\/","name":"","description":"","potentialAction":[{"@type":"SearchAction","target":{"@type":"EntryPoint","urlTemplate":"https:\/\/dydon.ai\/de\/?s={search_term_string}"},"query-input":{"@type":"PropertyValueSpecification","valueRequired":true,"valueName":"search_term_string"}}],"inLanguage":"de-DE"}]}},"taxonomy_info":[],"featured_image_src_large":false,"author_info":{"display_name":"Silva","author_link":"https:\/\/dydon.ai\/de\/author\/silva\/"},"comment_info":0,"_links":{"self":[{"href":"https:\/\/dydon.ai\/de\/wp-json\/wp\/v2\/pages\/4729"}],"collection":[{"href":"https:\/\/dydon.ai\/de\/wp-json\/wp\/v2\/pages"}],"about":[{"href":"https:\/\/dydon.ai\/de\/wp-json\/wp\/v2\/types\/page"}],"author":[{"embeddable":true,"href":"https:\/\/dydon.ai\/de\/wp-json\/wp\/v2\/users\/4"}],"replies":[{"embeddable":true,"href":"https:\/\/dydon.ai\/de\/wp-json\/wp\/v2\/comments?post=4729"}],"version-history":[{"count":4,"href":"https:\/\/dydon.ai\/de\/wp-json\/wp\/v2\/pages\/4729\/revisions"}],"predecessor-version":[{"id":15609,"href":"https:\/\/dydon.ai\/de\/wp-json\/wp\/v2\/pages\/4729\/revisions\/15609"}],"wp:attachment":[{"href":"https:\/\/dydon.ai\/de\/wp-json\/wp\/v2\/media?parent=4729"}],"curies":[{"name":"wp","href":"https:\/\/api.w.org\/{rel}","templated":true}]}}