{"id":4711,"date":"2023-06-21T10:04:24","date_gmt":"2023-06-21T10:04:24","guid":{"rendered":"https:\/\/dydon.ai\/zeitschrift\/"},"modified":"2025-08-04T20:44:51","modified_gmt":"2025-08-04T20:44:51","slug":"zeitschrift","status":"publish","type":"page","link":"https:\/\/dydon.ai\/de\/zeitschrift\/","title":{"rendered":"Zeitschrift"},"content":{"rendered":"\n<h1 class=\"wp-block-heading font-size-90 font-size-md-40 b-color-petrolio b-font-secondary b-weight-regular\" id=\"our-journal-is-about-innovation\">Unsere Zeitschrift ist<br\/>\u00fcber KI &amp; <br\/>EU Taxonomie<\/h1>\n\n<p><\/p>\n","protected":false},"excerpt":{"rendered":"<p>Unsere Zeitschrift ist\u00fcber KI &amp; EU Taxonomie<\/p>\n","protected":false},"author":1,"featured_media":0,"parent":0,"menu_order":0,"comment_status":"closed","ping_status":"closed","template":"journals.php","meta":{"content-type":"","_kad_blocks_custom_css":"","_kad_blocks_head_custom_js":"","_kad_blocks_body_custom_js":"","_kad_blocks_footer_custom_js":"","_kad_post_transparent":"","_kad_post_title":"","_kad_post_layout":"","_kad_post_sidebar_id":"","_kad_post_content_style":"","_kad_post_vertical_padding":"","_kad_post_feature":"","_kad_post_feature_position":"","_kad_post_header":false,"_kad_post_footer":false,"footnotes":""},"yoast_head":"<!-- This site is optimized with the Yoast SEO plugin v23.6 - https:\/\/yoast.com\/wordpress\/plugins\/seo\/ -->\n<title>Nachrichten und Artikel \u00fcber EU-Taxonomie und ESG-Berichterstattung mit KI<\/title>\n<meta name=\"description\" content=\"Im Journal von Dydon AI finden Sie Blog-Artikel und White Papers \u00fcber den Einsatz von k\u00fcnstlicher Intelligenz in Unternehmen sowie Informationen \u00fcber unsere Webinare.\" \/>\n<meta name=\"robots\" content=\"index, follow, max-snippet:-1, max-image-preview:large, max-video-preview:-1\" \/>\n<link rel=\"canonical\" href=\"https:\/\/dydon.ai\/de\/zeitschrift\/\" \/>\n<meta property=\"og:locale\" content=\"de_DE\" \/>\n<meta property=\"og:type\" content=\"article\" \/>\n<meta property=\"og:title\" content=\"Nachrichten und Artikel \u00fcber EU-Taxonomie und ESG-Berichterstattung mit KI\" \/>\n<meta property=\"og:description\" content=\"Im Journal von Dydon AI finden Sie Blog-Artikel und White Papers \u00fcber den Einsatz von k\u00fcnstlicher Intelligenz in Unternehmen sowie Informationen \u00fcber unsere Webinare.\" \/>\n<meta property=\"og:url\" content=\"https:\/\/dydon.ai\/de\/zeitschrift\/\" \/>\n<meta property=\"article:modified_time\" content=\"2025-08-04T20:44:51+00:00\" \/>\n<meta name=\"twitter:card\" content=\"summary_large_image\" \/>\n<script type=\"application\/ld+json\" class=\"yoast-schema-graph\">{\"@context\":\"https:\/\/schema.org\",\"@graph\":[{\"@type\":\"WebPage\",\"@id\":\"https:\/\/dydon.ai\/de\/zeitschrift\/\",\"url\":\"https:\/\/dydon.ai\/de\/zeitschrift\/\",\"name\":\"Nachrichten und Artikel \u00fcber EU-Taxonomie und ESG-Berichterstattung mit KI\",\"isPartOf\":{\"@id\":\"https:\/\/dydon.ai\/de\/#website\"},\"datePublished\":\"2023-06-21T10:04:24+00:00\",\"dateModified\":\"2025-08-04T20:44:51+00:00\",\"description\":\"Im Journal von Dydon AI finden Sie Blog-Artikel und White Papers \u00fcber den Einsatz von k\u00fcnstlicher Intelligenz in Unternehmen sowie Informationen \u00fcber unsere Webinare.\",\"breadcrumb\":{\"@id\":\"https:\/\/dydon.ai\/de\/zeitschrift\/#breadcrumb\"},\"inLanguage\":\"de-DE\",\"potentialAction\":[{\"@type\":\"ReadAction\",\"target\":[\"https:\/\/dydon.ai\/de\/zeitschrift\/\"]}]},{\"@type\":\"BreadcrumbList\",\"@id\":\"https:\/\/dydon.ai\/de\/zeitschrift\/#breadcrumb\",\"itemListElement\":[{\"@type\":\"ListItem\",\"position\":1,\"name\":\"Home\",\"item\":\"https:\/\/dydon.ai\/de\/\"},{\"@type\":\"ListItem\",\"position\":2,\"name\":\"Zeitschrift\"}]},{\"@type\":\"WebSite\",\"@id\":\"https:\/\/dydon.ai\/de\/#website\",\"url\":\"https:\/\/dydon.ai\/de\/\",\"name\":\"\",\"description\":\"\",\"potentialAction\":[{\"@type\":\"SearchAction\",\"target\":{\"@type\":\"EntryPoint\",\"urlTemplate\":\"https:\/\/dydon.ai\/de\/?s={search_term_string}\"},\"query-input\":{\"@type\":\"PropertyValueSpecification\",\"valueRequired\":true,\"valueName\":\"search_term_string\"}}],\"inLanguage\":\"de-DE\"}]}<\/script>\n<!-- \/ Yoast SEO plugin. -->","yoast_head_json":{"title":"Nachrichten und Artikel \u00fcber EU-Taxonomie und ESG-Berichterstattung mit KI","description":"Im Journal von Dydon AI finden Sie Blog-Artikel und White Papers \u00fcber den Einsatz von k\u00fcnstlicher Intelligenz in Unternehmen sowie Informationen \u00fcber unsere Webinare.","robots":{"index":"index","follow":"follow","max-snippet":"max-snippet:-1","max-image-preview":"max-image-preview:large","max-video-preview":"max-video-preview:-1"},"canonical":"https:\/\/dydon.ai\/de\/zeitschrift\/","og_locale":"de_DE","og_type":"article","og_title":"Nachrichten und Artikel \u00fcber EU-Taxonomie und ESG-Berichterstattung mit KI","og_description":"Im Journal von Dydon AI finden Sie Blog-Artikel und White Papers \u00fcber den Einsatz von k\u00fcnstlicher Intelligenz in Unternehmen sowie Informationen \u00fcber unsere Webinare.","og_url":"https:\/\/dydon.ai\/de\/zeitschrift\/","article_modified_time":"2025-08-04T20:44:51+00:00","twitter_card":"summary_large_image","schema":{"@context":"https:\/\/schema.org","@graph":[{"@type":"WebPage","@id":"https:\/\/dydon.ai\/de\/zeitschrift\/","url":"https:\/\/dydon.ai\/de\/zeitschrift\/","name":"Nachrichten und Artikel \u00fcber EU-Taxonomie und ESG-Berichterstattung mit KI","isPartOf":{"@id":"https:\/\/dydon.ai\/de\/#website"},"datePublished":"2023-06-21T10:04:24+00:00","dateModified":"2025-08-04T20:44:51+00:00","description":"Im Journal von Dydon AI finden Sie Blog-Artikel und White Papers \u00fcber den Einsatz von k\u00fcnstlicher Intelligenz in Unternehmen sowie Informationen \u00fcber unsere Webinare.","breadcrumb":{"@id":"https:\/\/dydon.ai\/de\/zeitschrift\/#breadcrumb"},"inLanguage":"de-DE","potentialAction":[{"@type":"ReadAction","target":["https:\/\/dydon.ai\/de\/zeitschrift\/"]}]},{"@type":"BreadcrumbList","@id":"https:\/\/dydon.ai\/de\/zeitschrift\/#breadcrumb","itemListElement":[{"@type":"ListItem","position":1,"name":"Home","item":"https:\/\/dydon.ai\/de\/"},{"@type":"ListItem","position":2,"name":"Zeitschrift"}]},{"@type":"WebSite","@id":"https:\/\/dydon.ai\/de\/#website","url":"https:\/\/dydon.ai\/de\/","name":"","description":"","potentialAction":[{"@type":"SearchAction","target":{"@type":"EntryPoint","urlTemplate":"https:\/\/dydon.ai\/de\/?s={search_term_string}"},"query-input":{"@type":"PropertyValueSpecification","valueRequired":true,"valueName":"search_term_string"}}],"inLanguage":"de-DE"}]}},"taxonomy_info":[],"featured_image_src_large":false,"author_info":{"display_name":"admin","author_link":"https:\/\/dydon.ai\/de\/author\/admin\/"},"comment_info":0,"_links":{"self":[{"href":"https:\/\/dydon.ai\/de\/wp-json\/wp\/v2\/pages\/4711"}],"collection":[{"href":"https:\/\/dydon.ai\/de\/wp-json\/wp\/v2\/pages"}],"about":[{"href":"https:\/\/dydon.ai\/de\/wp-json\/wp\/v2\/types\/page"}],"author":[{"embeddable":true,"href":"https:\/\/dydon.ai\/de\/wp-json\/wp\/v2\/users\/1"}],"replies":[{"embeddable":true,"href":"https:\/\/dydon.ai\/de\/wp-json\/wp\/v2\/comments?post=4711"}],"version-history":[{"count":5,"href":"https:\/\/dydon.ai\/de\/wp-json\/wp\/v2\/pages\/4711\/revisions"}],"predecessor-version":[{"id":14542,"href":"https:\/\/dydon.ai\/de\/wp-json\/wp\/v2\/pages\/4711\/revisions\/14542"}],"wp:attachment":[{"href":"https:\/\/dydon.ai\/de\/wp-json\/wp\/v2\/media?parent=4711"}],"curies":[{"name":"wp","href":"https:\/\/api.w.org\/{rel}","templated":true}]}}