{"id":4677,"date":"2022-01-18T18:51:01","date_gmt":"2022-01-18T18:51:01","guid":{"rendered":"https:\/\/dydon.ai\/homepage\/"},"modified":"2025-07-16T07:09:40","modified_gmt":"2025-07-16T07:09:40","slug":"homepage_old","status":"publish","type":"page","link":"https:\/\/dydon.ai\/de\/homepage_old\/","title":{"rendered":"Homepage_old"},"content":{"rendered":"\n\n\n\n\n\n\n\n\n\n\n\n\n\n\n\n\n\n\n\n\n\n\n\n\n\n\n\n\n\n\n\n\n\n\n<figure class=\"wp-block-image size-full d-none\"><img loading=\"lazy\" decoding=\"async\" width=\"1440\" height=\"673\" src=\"https:\/\/dydon.ai\/wp-content\/uploads\/2022\/01\/iStock-695240866-1.png\" alt=\"\" class=\"wp-image-374\"\/><\/figure>\n\n\n\n\n\n\n\n\n\n\n\n\n\n\n\n\n","protected":false},"excerpt":{"rendered":"","protected":false},"author":4,"featured_media":0,"parent":0,"menu_order":0,"comment_status":"closed","ping_status":"closed","template":"","meta":{"content-type":"","_kad_blocks_custom_css":"","_kad_blocks_head_custom_js":"","_kad_blocks_body_custom_js":"","_kad_blocks_footer_custom_js":"","_kad_post_transparent":"","_kad_post_title":"","_kad_post_layout":"","_kad_post_sidebar_id":"","_kad_post_content_style":"","_kad_post_vertical_padding":"","_kad_post_feature":"","_kad_post_feature_position":"","_kad_post_header":false,"_kad_post_footer":false,"footnotes":""},"yoast_head":"<!-- This site is optimized with the Yoast SEO plugin v23.6 - https:\/\/yoast.com\/wordpress\/plugins\/seo\/ -->\n<title>KI-Software f\u00fcr die EU-Taxonomie-Berichterstattung - Dydon AI<\/title>\n<meta name=\"description\" content=\"Dydon AI&#039;s k\u00fcnstliche Intelligenz Fintech-L\u00f6sung f\u00fcr die EU-Taxonomie- Berichterstattung richtet sich an Banken und andere Finanzinstitute\" \/>\n<meta name=\"robots\" content=\"index, follow, max-snippet:-1, max-image-preview:large, max-video-preview:-1\" \/>\n<link rel=\"canonical\" href=\"https:\/\/dydon.ai\/de\/homepage_old\/\" \/>\n<meta property=\"og:locale\" content=\"de_DE\" \/>\n<meta property=\"og:type\" content=\"article\" \/>\n<meta property=\"og:title\" content=\"KI f\u00fcr Fintech Regtech | EU-Taxonomie L\u00f6sung - Dydon AI\" \/>\n<meta property=\"og:description\" content=\"Dydon AI&#039;s leistungsstarke KI-L\u00f6sung f\u00fcr Fintech und Regtech, kann die Umsetzung von Regulatorik wie die EU Taxonomie Verordnung einfach und transparent unterst\u00fctzen.\" \/>\n<meta property=\"og:url\" content=\"https:\/\/dydon.ai\/de\/homepage_old\/\" \/>\n<meta property=\"article:modified_time\" content=\"2025-07-16T07:09:40+00:00\" \/>\n<meta property=\"og:image\" content=\"http:\/\/stg.dydon.ai\/wp-content\/uploads\/2022\/05\/Preview-Website-DYDON-AI-6.jpg\" \/>\n<meta name=\"twitter:card\" content=\"summary_large_image\" \/>\n<meta name=\"twitter:title\" content=\"KI f\u00fcr Fintech Regtech | EU-Taxonomie L\u00f6sung - Dydon AI\" \/>\n<meta name=\"twitter:description\" content=\"Dydon AI&#039;s leistungsstarke KI-L\u00f6sung f\u00fcr Fintech und Regtech, kann die Umsetzung von Regulatorik wie die EU Taxonomie einfach und transparent unterst\u00fctzen.\" \/>\n<meta name=\"twitter:image\" content=\"http:\/\/stg.dydon.ai\/wp-content\/uploads\/2022\/05\/Preview-Website-DYDON-AI-6.jpg\" \/>\n<script type=\"application\/ld+json\" class=\"yoast-schema-graph\">{\"@context\":\"https:\/\/schema.org\",\"@graph\":[{\"@type\":\"WebPage\",\"@id\":\"https:\/\/dydon.ai\/de\/homepage_old\/\",\"url\":\"https:\/\/dydon.ai\/de\/homepage_old\/\",\"name\":\"KI-Software f\u00fcr die EU-Taxonomie-Berichterstattung - Dydon AI\",\"isPartOf\":{\"@id\":\"https:\/\/dydon.ai\/de\/#website\"},\"primaryImageOfPage\":{\"@id\":\"https:\/\/dydon.ai\/de\/homepage_old\/#primaryimage\"},\"image\":{\"@id\":\"https:\/\/dydon.ai\/de\/homepage_old\/#primaryimage\"},\"thumbnailUrl\":\"https:\/\/dydon.ai\/wp-content\/uploads\/2022\/01\/iStock-695240866-1.png\",\"datePublished\":\"2022-01-18T18:51:01+00:00\",\"dateModified\":\"2025-07-16T07:09:40+00:00\",\"description\":\"Dydon AI's k\u00fcnstliche Intelligenz Fintech-L\u00f6sung f\u00fcr die EU-Taxonomie- Berichterstattung richtet sich an Banken und andere Finanzinstitute\",\"breadcrumb\":{\"@id\":\"https:\/\/dydon.ai\/de\/homepage_old\/#breadcrumb\"},\"inLanguage\":\"de-DE\",\"potentialAction\":[{\"@type\":\"ReadAction\",\"target\":[\"https:\/\/dydon.ai\/de\/homepage_old\/\"]}]},{\"@type\":\"ImageObject\",\"inLanguage\":\"de-DE\",\"@id\":\"https:\/\/dydon.ai\/de\/homepage_old\/#primaryimage\",\"url\":\"https:\/\/dydon.ai\/wp-content\/uploads\/2022\/01\/iStock-695240866-1.png\",\"contentUrl\":\"https:\/\/dydon.ai\/wp-content\/uploads\/2022\/01\/iStock-695240866-1.png\"},{\"@type\":\"BreadcrumbList\",\"@id\":\"https:\/\/dydon.ai\/de\/homepage_old\/#breadcrumb\",\"itemListElement\":[{\"@type\":\"ListItem\",\"position\":1,\"name\":\"Home\",\"item\":\"https:\/\/dydon.ai\/de\/\"},{\"@type\":\"ListItem\",\"position\":2,\"name\":\"Homepage\"}]},{\"@type\":\"WebSite\",\"@id\":\"https:\/\/dydon.ai\/de\/#website\",\"url\":\"https:\/\/dydon.ai\/de\/\",\"name\":\"\",\"description\":\"\",\"potentialAction\":[{\"@type\":\"SearchAction\",\"target\":{\"@type\":\"EntryPoint\",\"urlTemplate\":\"https:\/\/dydon.ai\/de\/?s={search_term_string}\"},\"query-input\":{\"@type\":\"PropertyValueSpecification\",\"valueRequired\":true,\"valueName\":\"search_term_string\"}}],\"inLanguage\":\"de-DE\"}]}<\/script>\n<!-- \/ Yoast SEO plugin. -->","yoast_head_json":{"title":"KI-Software f\u00fcr die EU-Taxonomie-Berichterstattung - Dydon AI","description":"Dydon AI's k\u00fcnstliche Intelligenz Fintech-L\u00f6sung f\u00fcr die EU-Taxonomie- Berichterstattung richtet sich an Banken und andere Finanzinstitute","robots":{"index":"index","follow":"follow","max-snippet":"max-snippet:-1","max-image-preview":"max-image-preview:large","max-video-preview":"max-video-preview:-1"},"canonical":"https:\/\/dydon.ai\/de\/homepage_old\/","og_locale":"de_DE","og_type":"article","og_title":"KI f\u00fcr Fintech Regtech | EU-Taxonomie L\u00f6sung - Dydon AI","og_description":"Dydon AI's leistungsstarke KI-L\u00f6sung f\u00fcr Fintech und Regtech, kann die Umsetzung von Regulatorik wie die EU Taxonomie Verordnung einfach und transparent unterst\u00fctzen.","og_url":"https:\/\/dydon.ai\/de\/homepage_old\/","article_modified_time":"2025-07-16T07:09:40+00:00","og_image":[{"url":"http:\/\/stg.dydon.ai\/wp-content\/uploads\/2022\/05\/Preview-Website-DYDON-AI-6.jpg"}],"twitter_card":"summary_large_image","twitter_title":"KI f\u00fcr Fintech Regtech | EU-Taxonomie L\u00f6sung - Dydon AI","twitter_description":"Dydon AI's leistungsstarke KI-L\u00f6sung f\u00fcr Fintech und Regtech, kann die Umsetzung von Regulatorik wie die EU Taxonomie einfach und transparent unterst\u00fctzen.","twitter_image":"http:\/\/stg.dydon.ai\/wp-content\/uploads\/2022\/05\/Preview-Website-DYDON-AI-6.jpg","schema":{"@context":"https:\/\/schema.org","@graph":[{"@type":"WebPage","@id":"https:\/\/dydon.ai\/de\/homepage_old\/","url":"https:\/\/dydon.ai\/de\/homepage_old\/","name":"KI-Software f\u00fcr die EU-Taxonomie-Berichterstattung - Dydon AI","isPartOf":{"@id":"https:\/\/dydon.ai\/de\/#website"},"primaryImageOfPage":{"@id":"https:\/\/dydon.ai\/de\/homepage_old\/#primaryimage"},"image":{"@id":"https:\/\/dydon.ai\/de\/homepage_old\/#primaryimage"},"thumbnailUrl":"https:\/\/dydon.ai\/wp-content\/uploads\/2022\/01\/iStock-695240866-1.png","datePublished":"2022-01-18T18:51:01+00:00","dateModified":"2025-07-16T07:09:40+00:00","description":"Dydon AI's k\u00fcnstliche Intelligenz Fintech-L\u00f6sung f\u00fcr die EU-Taxonomie- Berichterstattung richtet sich an Banken und andere Finanzinstitute","breadcrumb":{"@id":"https:\/\/dydon.ai\/de\/homepage_old\/#breadcrumb"},"inLanguage":"de-DE","potentialAction":[{"@type":"ReadAction","target":["https:\/\/dydon.ai\/de\/homepage_old\/"]}]},{"@type":"ImageObject","inLanguage":"de-DE","@id":"https:\/\/dydon.ai\/de\/homepage_old\/#primaryimage","url":"https:\/\/dydon.ai\/wp-content\/uploads\/2022\/01\/iStock-695240866-1.png","contentUrl":"https:\/\/dydon.ai\/wp-content\/uploads\/2022\/01\/iStock-695240866-1.png"},{"@type":"BreadcrumbList","@id":"https:\/\/dydon.ai\/de\/homepage_old\/#breadcrumb","itemListElement":[{"@type":"ListItem","position":1,"name":"Home","item":"https:\/\/dydon.ai\/de\/"},{"@type":"ListItem","position":2,"name":"Homepage"}]},{"@type":"WebSite","@id":"https:\/\/dydon.ai\/de\/#website","url":"https:\/\/dydon.ai\/de\/","name":"","description":"","potentialAction":[{"@type":"SearchAction","target":{"@type":"EntryPoint","urlTemplate":"https:\/\/dydon.ai\/de\/?s={search_term_string}"},"query-input":{"@type":"PropertyValueSpecification","valueRequired":true,"valueName":"search_term_string"}}],"inLanguage":"de-DE"}]}},"taxonomy_info":[],"featured_image_src_large":false,"author_info":{"display_name":"Silva","author_link":"https:\/\/dydon.ai\/de\/author\/silva\/"},"comment_info":0,"_links":{"self":[{"href":"https:\/\/dydon.ai\/de\/wp-json\/wp\/v2\/pages\/4677"}],"collection":[{"href":"https:\/\/dydon.ai\/de\/wp-json\/wp\/v2\/pages"}],"about":[{"href":"https:\/\/dydon.ai\/de\/wp-json\/wp\/v2\/types\/page"}],"author":[{"embeddable":true,"href":"https:\/\/dydon.ai\/de\/wp-json\/wp\/v2\/users\/4"}],"replies":[{"embeddable":true,"href":"https:\/\/dydon.ai\/de\/wp-json\/wp\/v2\/comments?post=4677"}],"version-history":[{"count":6,"href":"https:\/\/dydon.ai\/de\/wp-json\/wp\/v2\/pages\/4677\/revisions"}],"predecessor-version":[{"id":9297,"href":"https:\/\/dydon.ai\/de\/wp-json\/wp\/v2\/pages\/4677\/revisions\/9297"}],"wp:attachment":[{"href":"https:\/\/dydon.ai\/de\/wp-json\/wp\/v2\/media?parent=4677"}],"curies":[{"name":"wp","href":"https:\/\/api.w.org\/{rel}","templated":true}]}}