{"id":12140,"date":"2025-07-12T05:37:44","date_gmt":"2025-07-12T05:37:44","guid":{"rendered":"https:\/\/dydon.ai\/test-abhay\/"},"modified":"2025-08-04T14:50:04","modified_gmt":"2025-08-04T14:50:04","slug":"test-abhay","status":"publish","type":"page","link":"https:\/\/dydon.ai\/de\/test-abhay\/","title":{"rendered":"Test &#8211; Abhay"},"content":{"rendered":"\n<div class=\"wp-block-group\"><div class=\"wp-block-group__inner-container is-layout-constrained wp-block-group-is-layout-constrained\"><style>.kadence-column7731_09c4cf-ec > .kt-inside-inner-col{padding-top:108px;padding-bottom:80px;}.kadence-column7731_09c4cf-ec > .kt-inside-inner-col,.kadence-column7731_09c4cf-ec > .kt-inside-inner-col:before{border-top-left-radius:0px;border-top-right-radius:0px;border-bottom-right-radius:0px;border-bottom-left-radius:0px;}.kadence-column7731_09c4cf-ec > .kt-inside-inner-col{column-gap:var(--global-kb-gap-sm, 1rem);}.kadence-column7731_09c4cf-ec > .kt-inside-inner-col{flex-direction:column;}.kadence-column7731_09c4cf-ec > .kt-inside-inner-col > .aligncenter{width:100%;}.kadence-column7731_09c4cf-ec > .kt-inside-inner-col:before{opacity:0.3;}.kadence-column7731_09c4cf-ec{position:relative;}@media all and (max-width: 1024px){.kadence-column7731_09c4cf-ec > .kt-inside-inner-col{flex-direction:column;justify-content:center;}}@media all and (max-width: 767px){.kadence-column7731_09c4cf-ec > .kt-inside-inner-col{flex-direction:column;justify-content:center;}}<\/style>\n<div class=\"wp-block-kadence-column kadence-column7731_09c4cf-ec custom_container\"><div class=\"kt-inside-inner-col\"><style>.kadence-column7731_e53a25-e3 > .kt-inside-inner-col{display:flex;}.kadence-column7731_e53a25-e3 > .kt-inside-inner-col,.kadence-column7731_e53a25-e3 > .kt-inside-inner-col:before{border-top-left-radius:0px;border-top-right-radius:0px;border-bottom-right-radius:0px;border-bottom-left-radius:0px;}.kadence-column7731_e53a25-e3 > .kt-inside-inner-col{column-gap:6%;}.kadence-column7731_e53a25-e3 > .kt-inside-inner-col{flex-direction:row;flex-wrap:wrap;align-items:center;}.kadence-column7731_e53a25-e3 > .kt-inside-inner-col > *, .kadence-column7731_e53a25-e3 > .kt-inside-inner-col > figure.wp-block-image, .kadence-column7731_e53a25-e3 > .kt-inside-inner-col > figure.wp-block-kadence-image{margin-top:0px;margin-bottom:0px;}.kadence-column7731_e53a25-e3 > .kt-inside-inner-col > .kb-image-is-ratio-size{flex-grow:1;}.kadence-column7731_e53a25-e3 > .kt-inside-inner-col:before{opacity:0.3;}.kadence-column7731_e53a25-e3{position:relative;}@media all and (max-width: 1024px){.kadence-column7731_e53a25-e3 > .kt-inside-inner-col{row-gap:48px;flex-direction:column;justify-content:center;align-items:stretch;flex-wrap:nowrap;}}@media all and (max-width: 1024px){.wp-block-kadence-column.kb-section-dir-horizontal.kadence-column7731_e53a25-e3 > .kt-inside-inner-col > *{-webkit-flex:unset;flex:unset;}}@media all and (max-width: 1024px){.wp-block-kadence-column.kb-section-dir-horizontal.kadence-column7731_e53a25-e3 > .kt-inside-inner-col > .wp-block-kadence-infobox{align-self:unset;}}@media all and (max-width: 767px){.kadence-column7731_e53a25-e3 > .kt-inside-inner-col{flex-direction:column;justify-content:center;align-items:stretch;}}<\/style>\n<div class=\"wp-block-kadence-column kadence-column7731_e53a25-e3 kb-section-dir-horizontal kb-section-md-dir-vertical\"><div class=\"kt-inside-inner-col\"><style>.kadence-column7731_7f9e5a-bb > .kt-inside-inner-col{display:flex;}.kadence-column7731_7f9e5a-bb{max-width:40%;margin-left:auto;margin-right:auto;}.wp-block-kadence-column.kb-section-dir-horizontal:not(.kb-section-md-dir-vertical)>.kt-inside-inner-col>.kadence-column7731_7f9e5a-bb{-webkit-flex:0 1 40%;flex:0 1 40%;max-width:unset;margin-left:unset;margin-right:unset;}.kadence-column7731_7f9e5a-bb > .kt-inside-inner-col{padding-top:40px;padding-right:40px;padding-bottom:40px;padding-left:40px;}.kadence-column7731_7f9e5a-bb > .kt-inside-inner-col,.kadence-column7731_7f9e5a-bb > .kt-inside-inner-col:before{border-top-left-radius:24px;border-top-right-radius:24px;border-bottom-right-radius:24px;border-bottom-left-radius:24px;}.kadence-column7731_7f9e5a-bb > .kt-inside-inner-col{row-gap:72px;column-gap:var(--global-kb-gap-sm, 1rem);}.kadence-column7731_7f9e5a-bb > .kt-inside-inner-col{flex-direction:column;}.kadence-column7731_7f9e5a-bb > .kt-inside-inner-col > .aligncenter{width:100%;}.kadence-column7731_7f9e5a-bb > .kt-inside-inner-col:before{opacity:0.3;}.kadence-column7731_7f9e5a-bb{position:relative;}@media all and (min-width: 1025px){.wp-block-kadence-column.kb-section-dir-horizontal>.kt-inside-inner-col>.kadence-column7731_7f9e5a-bb{-webkit-flex:0 1 40%;flex:0 1 40%;max-width:unset;margin-left:unset;margin-right:unset;}}@media all and (max-width: 1024px){.kadence-column7731_7f9e5a-bb{max-width:100%;}}@media all and (max-width: 1024px){.wp-block-kadence-column.kb-section-dir-horizontal:not(.kb-section-md-dir-vertical)>.kt-inside-inner-col>.kadence-column7731_7f9e5a-bb{-webkit-flex:0 1 100%;flex:0 1 100%;}}@media all and (max-width: 1024px){.kadence-column7731_7f9e5a-bb > .kt-inside-inner-col{flex-direction:column;justify-content:center;}}@media all and (min-width: 768px) and (max-width: 1024px){.wp-block-kadence-column.kb-section-dir-horizontal>.kt-inside-inner-col>.kadence-column7731_7f9e5a-bb{-webkit-flex:0 1 100%;flex:0 1 100%;max-width:unset;margin-left:unset;margin-right:unset;}}@media all and (max-width: 767px){.wp-block-kadence-column.kb-section-sm-dir-vertical:not(.kb-section-sm-dir-horizontal):not(.kb-section-sm-dir-specificity)>.kt-inside-inner-col>.kadence-column7731_7f9e5a-bb{max-width:100%;-webkit-flex:1;flex:1;margin-left:auto;margin-right:auto;}.kadence-column7731_7f9e5a-bb > .kt-inside-inner-col{flex-direction:column;justify-content:center;}}<\/style>\n<div class=\"wp-block-kadence-column kadence-column7731_7f9e5a-bb custom-h-100-card\" data-aos=\"fade-up\" data-aos-duration=\"400\" data-aos-delay=\"400\" data-aos-easing=\"ease-in-out\" data-aos-once=\"true\"><div class=\"kt-inside-inner-col\"><style>.kadence-column7731_1f9d65-50 > .kt-inside-inner-col{display:flex;}.kadence-column7731_1f9d65-50 > .kt-inside-inner-col,.kadence-column7731_1f9d65-50 > .kt-inside-inner-col:before{border-top-left-radius:0px;border-top-right-radius:0px;border-bottom-right-radius:0px;border-bottom-left-radius:0px;}.kadence-column7731_1f9d65-50 > .kt-inside-inner-col{row-gap:24px;column-gap:var(--global-kb-gap-sm, 1rem);}.kadence-column7731_1f9d65-50 > .kt-inside-inner-col{flex-direction:column;}.kadence-column7731_1f9d65-50 > .kt-inside-inner-col > .aligncenter{width:100%;}.kadence-column7731_1f9d65-50 > .kt-inside-inner-col:before{opacity:0.3;}.kadence-column7731_1f9d65-50{position:relative;}@media all and (max-width: 1024px){.kadence-column7731_1f9d65-50 > .kt-inside-inner-col{flex-direction:column;justify-content:center;}}@media all and (max-width: 767px){.kadence-column7731_1f9d65-50 > .kt-inside-inner-col{flex-direction:column;justify-content:center;}}<\/style>\n<div class=\"wp-block-kadence-column kadence-column7731_1f9d65-50\"><div class=\"kt-inside-inner-col\"><style>.wp-block-kadence-advancedheading.kt-adv-heading7731_314a0e-fe, .wp-block-kadence-advancedheading.kt-adv-heading7731_314a0e-fe[data-kb-block=\"kb-adv-heading7731_314a0e-fe\"]{margin-top:0px;margin-right:0px;margin-bottom:0px;margin-left:0px;font-size:40px;line-height:50px;font-weight:400;font-style:normal;font-family:Sora;color:#24282c;}.wp-block-kadence-advancedheading.kt-adv-heading7731_314a0e-fe mark.kt-highlight, .wp-block-kadence-advancedheading.kt-adv-heading7731_314a0e-fe[data-kb-block=\"kb-adv-heading7731_314a0e-fe\"] mark.kt-highlight{font-style:normal;color:#f76a0c;-webkit-box-decoration-break:clone;box-decoration-break:clone;padding-top:0px;padding-right:0px;padding-bottom:0px;padding-left:0px;}@media all and (max-width: 767px){.wp-block-kadence-advancedheading.kt-adv-heading7731_314a0e-fe, .wp-block-kadence-advancedheading.kt-adv-heading7731_314a0e-fe[data-kb-block=\"kb-adv-heading7731_314a0e-fe\"]{font-size:32px;line-height:38px;}}<\/style>\n<p class=\"kt-adv-heading7731_314a0e-fe wp-block-kadence-advancedheading\" data-kb-block=\"kb-adv-heading7731_314a0e-fe\">KI f\u00fcr nachhaltige Finanzen<\/p>\n\n\n<style>.wp-block-kadence-advancedheading.kt-adv-heading7731_343d71-a3, .wp-block-kadence-advancedheading.kt-adv-heading7731_343d71-a3[data-kb-block=\"kb-adv-heading7731_343d71-a3\"]{font-size:16px;line-height:24px;font-style:normal;color:#606b76;}.wp-block-kadence-advancedheading.kt-adv-heading7731_343d71-a3 mark.kt-highlight, .wp-block-kadence-advancedheading.kt-adv-heading7731_343d71-a3[data-kb-block=\"kb-adv-heading7731_343d71-a3\"] mark.kt-highlight{font-style:normal;color:#f76a0c;-webkit-box-decoration-break:clone;box-decoration-break:clone;padding-top:0px;padding-right:0px;padding-bottom:0px;padding-left:0px;}@media all and (max-width: 767px){.wp-block-kadence-advancedheading.kt-adv-heading7731_343d71-a3, .wp-block-kadence-advancedheading.kt-adv-heading7731_343d71-a3[data-kb-block=\"kb-adv-heading7731_343d71-a3\"]{font-size:16px;line-height:24px;}}<\/style>\n<p class=\"kt-adv-heading7731_343d71-a3 wp-block-kadence-advancedheading\" data-kb-block=\"kb-adv-heading7731_343d71-a3\">The TAXO TOOL \u2013 AI Solution for Sustainable Finance \u2013 was developed in partnership with Bundesverband \u00d6ffentlicher Banken Deutschlands (V\u00d6B), and its subsidiary V\u00d6B-Service GmbH. Discover this ready-to- go AI solution for getting your company up to the next sustainable level. <\/p>\n<\/div><\/div>\n\n\n<style>.wp-block-kadence-advancedbtn.kb-btns7731_de1e1b-67{gap:var(--global-kb-gap-xs, 0.5rem );justify-content:flex-start;align-items:center;}.kt-btns7731_de1e1b-67 .kt-button{font-weight:normal;font-style:normal;}.kt-btns7731_de1e1b-67 .kt-btn-wrap-0{margin-right:5px;}.wp-block-kadence-advancedbtn.kt-btns7731_de1e1b-67 .kt-btn-wrap-0 .kt-button{color:#555555;border-color:#555555;}.wp-block-kadence-advancedbtn.kt-btns7731_de1e1b-67 .kt-btn-wrap-0 .kt-button:hover, .wp-block-kadence-advancedbtn.kt-btns7731_de1e1b-67 .kt-btn-wrap-0 .kt-button:focus{color:#ffffff;border-color:#444444;}.wp-block-kadence-advancedbtn.kt-btns7731_de1e1b-67 .kt-btn-wrap-0 .kt-button::before{display:none;}.wp-block-kadence-advancedbtn.kt-btns7731_de1e1b-67 .kt-btn-wrap-0 .kt-button:hover, .wp-block-kadence-advancedbtn.kt-btns7731_de1e1b-67 .kt-btn-wrap-0 .kt-button:focus{background:#444444;}<\/style>\n<div class=\"wp-block-kadence-advancedbtn kb-buttons-wrap kb-btns7731_de1e1b-67\"><style>ul.menu .wp-block-kadence-advancedbtn .kb-btn7731_9286e2-4c.kb-button{width:initial;}.wp-block-kadence-advancedbtn .kb-btn7731_9286e2-4c.kb-button{color:#25305a;font-size:16px;line-height:1.5;font-family:Inter;font-weight:400;border-top-left-radius:25px;border-top-right-radius:25px;border-bottom-right-radius:25px;border-bottom-left-radius:25px;border-top:1px solid #00a39a;border-right:1px solid #00a39a;border-bottom:1px solid #00a39a;border-left:1px solid #00a39a;padding-top:10px;padding-right:25px;padding-bottom:10px;padding-left:25px;}.kb-btn7731_9286e2-4c.kb-button .kb-svg-icon-wrap{color:#00a39a;padding-top:0px;padding-right:0px;padding-bottom:0px;padding-left:0px;font-size:24px;}.wp-block-kadence-advancedbtn .kb-btn7731_9286e2-4c.kb-button:hover, .wp-block-kadence-advancedbtn .kb-btn7731_9286e2-4c.kb-button:focus{color:#26323e;background:#0cc0b6;border-top-color:#00a39a;border-top-style:solid;border-right-color:#00a39a;border-right-style:solid;border-bottom-color:#00a39a;border-bottom-style:solid;border-left-color:#00a39a;border-left-style:solid;}@media all and (max-width: 1024px){.wp-block-kadence-advancedbtn .kb-btn7731_9286e2-4c.kb-button{border-top:1px solid #00a39a;border-right:1px solid #00a39a;border-bottom:1px solid #00a39a;border-left:1px solid #00a39a;}}@media all and (max-width: 1024px){.wp-block-kadence-advancedbtn .kb-btn7731_9286e2-4c.kb-button:hover, .wp-block-kadence-advancedbtn .kb-btn7731_9286e2-4c.kb-button:focus{border-top-color:#00a39a;border-top-style:solid;border-right-color:#00a39a;border-right-style:solid;border-bottom-color:#00a39a;border-bottom-style:solid;border-left-color:#00a39a;border-left-style:solid;}}@media all and (max-width: 767px){.wp-block-kadence-advancedbtn .kb-btn7731_9286e2-4c.kb-button{border-top:1px solid #00a39a;border-right:1px solid #00a39a;border-bottom:1px solid #00a39a;border-left:1px solid #00a39a;}.wp-block-kadence-advancedbtn .kb-btn7731_9286e2-4c.kb-button:hover, .wp-block-kadence-advancedbtn .kb-btn7731_9286e2-4c.kb-button:focus{border-top-color:#00a39a;border-top-style:solid;border-right-color:#00a39a;border-right-style:solid;border-bottom-color:#00a39a;border-bottom-style:solid;border-left-color:#00a39a;border-left-style:solid;}}<\/style><span class=\"kb-button kt-button button kb-btn7731_9286e2-4c kt-btn-size-standard kt-btn-width-type-auto kb-btn-global-outline kt-btn-has-text-true kt-btn-has-svg-true wp-block-kadence-singlebtn\"><span class=\"kt-btn-inner-text\">Sprechen Sie mit unseren Experten<\/span><span class=\"kb-svg-icon-wrap kb-svg-icon-fe_arrowRight kt-btn-icon-side-right\"><svg viewBox=\"0 0 24 24\"  fill=\"none\" stroke=\"currentColor\" stroke-width=\"2\" stroke-linecap=\"round\" stroke-linejoin=\"round\" xmlns=\"http:\/\/www.w3.org\/2000\/svg\"  aria-hidden=\"true\"><line x1=\"5\" y1=\"12\" x2=\"19\" y2=\"12\"\/><polyline points=\"12 5 19 12 12 19\"\/><\/svg><\/span><\/span><\/div>\n<\/div><\/div>\n\n\n<style>.kadence-column7731_da79cc-30 > .kt-inside-inner-col{display:flex;}.kadence-column7731_da79cc-30{max-width:54%;margin-left:auto;margin-right:auto;}.wp-block-kadence-column.kb-section-dir-horizontal:not(.kb-section-md-dir-vertical)>.kt-inside-inner-col>.kadence-column7731_da79cc-30{-webkit-flex:0 1 54%;flex:0 1 54%;max-width:unset;margin-left:unset;margin-right:unset;}.kadence-column7731_da79cc-30 > .kt-inside-inner-col{box-shadow:0px 4px 50px 0px rgba(0, 0, 0, 0.2);}.kadence-column7731_da79cc-30 > .kt-inside-inner-col,.kadence-column7731_da79cc-30 > .kt-inside-inner-col:before{border-top-left-radius:24px;border-top-right-radius:24px;border-bottom-right-radius:24px;border-bottom-left-radius:24px;}.kadence-column7731_da79cc-30 > .kt-inside-inner-col{row-gap:var(--global-kb-gap-none, 0rem );column-gap:var(--global-kb-gap-sm, 1rem);}.kadence-column7731_da79cc-30 > .kt-inside-inner-col{flex-direction:column;}.kadence-column7731_da79cc-30 > .kt-inside-inner-col > .aligncenter{width:100%;}.kadence-column7731_da79cc-30 > .kt-inside-inner-col:before{opacity:0.3;}.kadence-column7731_da79cc-30{position:relative;}@media all and (min-width: 1025px){.wp-block-kadence-column.kb-section-dir-horizontal>.kt-inside-inner-col>.kadence-column7731_da79cc-30{-webkit-flex:0 1 54%;flex:0 1 54%;max-width:unset;margin-left:unset;margin-right:unset;}}@media all and (max-width: 1024px){.kadence-column7731_da79cc-30{max-width:100%;}}@media all and (max-width: 1024px){.wp-block-kadence-column.kb-section-dir-horizontal:not(.kb-section-md-dir-vertical)>.kt-inside-inner-col>.kadence-column7731_da79cc-30{-webkit-flex:0 1 100%;flex:0 1 100%;}}@media all and (max-width: 1024px){.kadence-column7731_da79cc-30 > .kt-inside-inner-col{flex-direction:column;justify-content:center;}}@media all and (min-width: 768px) and (max-width: 1024px){.wp-block-kadence-column.kb-section-dir-horizontal>.kt-inside-inner-col>.kadence-column7731_da79cc-30{-webkit-flex:0 1 100%;flex:0 1 100%;max-width:unset;margin-left:unset;margin-right:unset;}}@media all and (max-width: 767px){.wp-block-kadence-column.kb-section-sm-dir-vertical:not(.kb-section-sm-dir-horizontal):not(.kb-section-sm-dir-specificity)>.kt-inside-inner-col>.kadence-column7731_da79cc-30{max-width:100%;-webkit-flex:1;flex:1;margin-left:auto;margin-right:auto;}.kadence-column7731_da79cc-30 > .kt-inside-inner-col{flex-direction:column;justify-content:center;}}<\/style>\n<div class=\"wp-block-kadence-column kadence-column7731_da79cc-30 custom_card-header custom-h-100-card\" data-aos=\"fade-up\" data-aos-duration=\"400\" data-aos-delay=\"450\" data-aos-easing=\"ease-in-out\" data-aos-once=\"true\"><div class=\"kt-inside-inner-col\"><style>.kadence-column7731_b2d28d-ff > .kt-inside-inner-col,.kadence-column7731_b2d28d-ff > .kt-inside-inner-col:before{border-top-left-radius:0px;border-top-right-radius:0px;border-bottom-right-radius:0px;border-bottom-left-radius:0px;}.kadence-column7731_b2d28d-ff > .kt-inside-inner-col{column-gap:var(--global-kb-gap-sm, 1rem);}.kadence-column7731_b2d28d-ff > .kt-inside-inner-col{flex-direction:column;}.kadence-column7731_b2d28d-ff > .kt-inside-inner-col > .aligncenter{width:100%;}.kadence-column7731_b2d28d-ff > .kt-inside-inner-col:before{opacity:0.3;}.kadence-column7731_b2d28d-ff{position:relative;}@media all and (max-width: 1024px){.kadence-column7731_b2d28d-ff > .kt-inside-inner-col{flex-direction:column;justify-content:center;}}@media all and (max-width: 767px){.kadence-column7731_b2d28d-ff > .kt-inside-inner-col{flex-direction:column;justify-content:center;}}<\/style>\n<div class=\"wp-block-kadence-column kadence-column7731_b2d28d-ff\"><div class=\"kt-inside-inner-col\">\n<figure class=\"wp-block-image size-large full-width-img\"><img loading=\"lazy\" decoding=\"async\" width=\"1024\" height=\"683\" src=\"https:\/\/dydon.ai\/wp-content\/uploads\/2025\/07\/c82251211a7695b5fc31ac2317ba71d9a4741e3b-1024x683.jpg\" alt=\"\" class=\"wp-image-9044\" style=\"object-fit:cover\" srcset=\"https:\/\/dydon.ai\/wp-content\/uploads\/2025\/07\/c82251211a7695b5fc31ac2317ba71d9a4741e3b-1024x683.jpg 1024w, https:\/\/dydon.ai\/wp-content\/uploads\/2025\/07\/c82251211a7695b5fc31ac2317ba71d9a4741e3b-300x200.jpg 300w, https:\/\/dydon.ai\/wp-content\/uploads\/2025\/07\/c82251211a7695b5fc31ac2317ba71d9a4741e3b-768x512.jpg 768w, https:\/\/dydon.ai\/wp-content\/uploads\/2025\/07\/c82251211a7695b5fc31ac2317ba71d9a4741e3b-1536x1024.jpg 1536w, https:\/\/dydon.ai\/wp-content\/uploads\/2025\/07\/c82251211a7695b5fc31ac2317ba71d9a4741e3b-2048x1366.jpg 2048w\" sizes=\"(max-width: 1024px) 100vw, 1024px\" \/><\/figure>\n<\/div><\/div>\n\n\n<style>.kadence-column7731_13de1e-3e > .kt-inside-inner-col{min-height:40px;}.kadence-column7731_13de1e-3e > .kt-inside-inner-col,.kadence-column7731_13de1e-3e > .kt-inside-inner-col:before{border-top-left-radius:0px;border-top-right-radius:0px;border-bottom-right-radius:0px;border-bottom-left-radius:0px;}.kadence-column7731_13de1e-3e > .kt-inside-inner-col{column-gap:var(--global-kb-gap-sm, 1rem);}.kadence-column7731_13de1e-3e > .kt-inside-inner-col{flex-direction:column;}.kadence-column7731_13de1e-3e > .kt-inside-inner-col > .aligncenter{width:100%;}.kadence-column7731_13de1e-3e > .kt-inside-inner-col{background-image:url('https:\/\/dydon.ai\/wp-content\/uploads\/2025\/07\/gradient4.svg');background-size:cover;background-position:center center;background-attachment:scroll;background-repeat:no-repeat;}.kadence-column7731_13de1e-3e > .kt-inside-inner-col:before{opacity:0.3;}.kadence-column7731_13de1e-3e{position:relative;}@media all and (max-width: 1024px){.kadence-column7731_13de1e-3e > .kt-inside-inner-col{flex-direction:column;justify-content:center;}}@media all and (max-width: 767px){.kadence-column7731_13de1e-3e > .kt-inside-inner-col{flex-direction:column;justify-content:center;}}<\/style>\n<div class=\"wp-block-kadence-column kadence-column7731_13de1e-3e custom_card-header-img-2\"><div class=\"kt-inside-inner-col\"><\/div><\/div>\n<\/div><\/div>\n<\/div><\/div>\n<\/div><\/div>\n<\/div><\/div>\n","protected":false},"excerpt":{"rendered":"<p>KI f\u00fcr nachhaltige Finanzen The TAXO TOOL \u2013 AI Solution for Sustainable Finance \u2013 was developed in partnership with Bundesverband \u00d6ffentlicher Banken Deutschlands (V\u00d6B), and its subsidiary V\u00d6B-Service GmbH. Discover this ready-to- go AI solution for getting your company up to the next sustainable level.<\/p>\n","protected":false},"author":9,"featured_media":0,"parent":0,"menu_order":0,"comment_status":"closed","ping_status":"closed","template":"","meta":{"content-type":"","_kad_blocks_custom_css":"","_kad_blocks_head_custom_js":"","_kad_blocks_body_custom_js":"","_kad_blocks_footer_custom_js":"","_kad_post_transparent":"","_kad_post_title":"","_kad_post_layout":"","_kad_post_sidebar_id":"","_kad_post_content_style":"","_kad_post_vertical_padding":"","_kad_post_feature":"","_kad_post_feature_position":"","_kad_post_header":false,"_kad_post_footer":false,"footnotes":""},"yoast_head":"<!-- This site is optimized with the Yoast SEO plugin v23.6 - https:\/\/yoast.com\/wordpress\/plugins\/seo\/ -->\n<title>Test - Abhay -<\/title>\n<meta name=\"robots\" content=\"index, follow, max-snippet:-1, max-image-preview:large, max-video-preview:-1\" \/>\n<link rel=\"canonical\" href=\"https:\/\/dydon.ai\/de\/test-abhay\/\" \/>\n<meta property=\"og:locale\" content=\"de_DE\" \/>\n<meta property=\"og:type\" content=\"article\" \/>\n<meta property=\"og:title\" content=\"Test - Abhay -\" \/>\n<meta property=\"og:description\" content=\"KI f\u00fcr nachhaltige Finanzen The TAXO TOOL \u2013 AI Solution for Sustainable Finance \u2013 was developed in partnership with Bundesverband \u00d6ffentlicher Banken Deutschlands (V\u00d6B), and its subsidiary V\u00d6B-Service GmbH. Discover this ready-to- go AI solution for getting your company up to the next sustainable level.\" \/>\n<meta property=\"og:url\" content=\"https:\/\/dydon.ai\/de\/test-abhay\/\" \/>\n<meta property=\"article:modified_time\" content=\"2025-08-04T14:50:04+00:00\" \/>\n<meta property=\"og:image\" content=\"https:\/\/dydon.ai\/wp-content\/uploads\/2025\/07\/c82251211a7695b5fc31ac2317ba71d9a4741e3b-scaled.jpg\" \/>\n\t<meta property=\"og:image:width\" content=\"2560\" \/>\n\t<meta property=\"og:image:height\" content=\"1707\" \/>\n\t<meta property=\"og:image:type\" content=\"image\/jpeg\" \/>\n<meta name=\"twitter:card\" content=\"summary_large_image\" \/>\n<script type=\"application\/ld+json\" class=\"yoast-schema-graph\">{\"@context\":\"https:\/\/schema.org\",\"@graph\":[{\"@type\":\"WebPage\",\"@id\":\"https:\/\/dydon.ai\/de\/test-abhay\/\",\"url\":\"https:\/\/dydon.ai\/de\/test-abhay\/\",\"name\":\"Test - Abhay -\",\"isPartOf\":{\"@id\":\"https:\/\/dydon.ai\/de\/#website\"},\"primaryImageOfPage\":{\"@id\":\"https:\/\/dydon.ai\/de\/test-abhay\/#primaryimage\"},\"image\":{\"@id\":\"https:\/\/dydon.ai\/de\/test-abhay\/#primaryimage\"},\"thumbnailUrl\":\"https:\/\/dydon.ai\/wp-content\/uploads\/2025\/07\/c82251211a7695b5fc31ac2317ba71d9a4741e3b-1024x683.jpg\",\"datePublished\":\"2025-07-12T05:37:44+00:00\",\"dateModified\":\"2025-08-04T14:50:04+00:00\",\"breadcrumb\":{\"@id\":\"https:\/\/dydon.ai\/de\/test-abhay\/#breadcrumb\"},\"inLanguage\":\"de-DE\",\"potentialAction\":[{\"@type\":\"ReadAction\",\"target\":[\"https:\/\/dydon.ai\/de\/test-abhay\/\"]}]},{\"@type\":\"ImageObject\",\"inLanguage\":\"de-DE\",\"@id\":\"https:\/\/dydon.ai\/de\/test-abhay\/#primaryimage\",\"url\":\"https:\/\/dydon.ai\/wp-content\/uploads\/2025\/07\/c82251211a7695b5fc31ac2317ba71d9a4741e3b-1024x683.jpg\",\"contentUrl\":\"https:\/\/dydon.ai\/wp-content\/uploads\/2025\/07\/c82251211a7695b5fc31ac2317ba71d9a4741e3b-1024x683.jpg\"},{\"@type\":\"BreadcrumbList\",\"@id\":\"https:\/\/dydon.ai\/de\/test-abhay\/#breadcrumb\",\"itemListElement\":[{\"@type\":\"ListItem\",\"position\":1,\"name\":\"Home\",\"item\":\"https:\/\/dydon.ai\/de\/\"},{\"@type\":\"ListItem\",\"position\":2,\"name\":\"Test &#8211; Abhay\"}]},{\"@type\":\"WebSite\",\"@id\":\"https:\/\/dydon.ai\/de\/#website\",\"url\":\"https:\/\/dydon.ai\/de\/\",\"name\":\"\",\"description\":\"\",\"potentialAction\":[{\"@type\":\"SearchAction\",\"target\":{\"@type\":\"EntryPoint\",\"urlTemplate\":\"https:\/\/dydon.ai\/de\/?s={search_term_string}\"},\"query-input\":{\"@type\":\"PropertyValueSpecification\",\"valueRequired\":true,\"valueName\":\"search_term_string\"}}],\"inLanguage\":\"de-DE\"}]}<\/script>\n<!-- \/ Yoast SEO plugin. -->","yoast_head_json":{"title":"Test - Abhay -","robots":{"index":"index","follow":"follow","max-snippet":"max-snippet:-1","max-image-preview":"max-image-preview:large","max-video-preview":"max-video-preview:-1"},"canonical":"https:\/\/dydon.ai\/de\/test-abhay\/","og_locale":"de_DE","og_type":"article","og_title":"Test - Abhay -","og_description":"KI f\u00fcr nachhaltige Finanzen The TAXO TOOL \u2013 AI Solution for Sustainable Finance \u2013 was developed in partnership with Bundesverband \u00d6ffentlicher Banken Deutschlands (V\u00d6B), and its subsidiary V\u00d6B-Service GmbH. Discover this ready-to- go AI solution for getting your company up to the next sustainable level.","og_url":"https:\/\/dydon.ai\/de\/test-abhay\/","article_modified_time":"2025-08-04T14:50:04+00:00","og_image":[{"width":2560,"height":1707,"url":"https:\/\/dydon.ai\/wp-content\/uploads\/2025\/07\/c82251211a7695b5fc31ac2317ba71d9a4741e3b-scaled.jpg","type":"image\/jpeg"}],"twitter_card":"summary_large_image","schema":{"@context":"https:\/\/schema.org","@graph":[{"@type":"WebPage","@id":"https:\/\/dydon.ai\/de\/test-abhay\/","url":"https:\/\/dydon.ai\/de\/test-abhay\/","name":"Test - Abhay -","isPartOf":{"@id":"https:\/\/dydon.ai\/de\/#website"},"primaryImageOfPage":{"@id":"https:\/\/dydon.ai\/de\/test-abhay\/#primaryimage"},"image":{"@id":"https:\/\/dydon.ai\/de\/test-abhay\/#primaryimage"},"thumbnailUrl":"https:\/\/dydon.ai\/wp-content\/uploads\/2025\/07\/c82251211a7695b5fc31ac2317ba71d9a4741e3b-1024x683.jpg","datePublished":"2025-07-12T05:37:44+00:00","dateModified":"2025-08-04T14:50:04+00:00","breadcrumb":{"@id":"https:\/\/dydon.ai\/de\/test-abhay\/#breadcrumb"},"inLanguage":"de-DE","potentialAction":[{"@type":"ReadAction","target":["https:\/\/dydon.ai\/de\/test-abhay\/"]}]},{"@type":"ImageObject","inLanguage":"de-DE","@id":"https:\/\/dydon.ai\/de\/test-abhay\/#primaryimage","url":"https:\/\/dydon.ai\/wp-content\/uploads\/2025\/07\/c82251211a7695b5fc31ac2317ba71d9a4741e3b-1024x683.jpg","contentUrl":"https:\/\/dydon.ai\/wp-content\/uploads\/2025\/07\/c82251211a7695b5fc31ac2317ba71d9a4741e3b-1024x683.jpg"},{"@type":"BreadcrumbList","@id":"https:\/\/dydon.ai\/de\/test-abhay\/#breadcrumb","itemListElement":[{"@type":"ListItem","position":1,"name":"Home","item":"https:\/\/dydon.ai\/de\/"},{"@type":"ListItem","position":2,"name":"Test &#8211; Abhay"}]},{"@type":"WebSite","@id":"https:\/\/dydon.ai\/de\/#website","url":"https:\/\/dydon.ai\/de\/","name":"","description":"","potentialAction":[{"@type":"SearchAction","target":{"@type":"EntryPoint","urlTemplate":"https:\/\/dydon.ai\/de\/?s={search_term_string}"},"query-input":{"@type":"PropertyValueSpecification","valueRequired":true,"valueName":"search_term_string"}}],"inLanguage":"de-DE"}]}},"taxonomy_info":[],"featured_image_src_large":false,"author_info":{"display_name":"Developer","author_link":"https:\/\/dydon.ai\/de\/author\/developer\/"},"comment_info":0,"_links":{"self":[{"href":"https:\/\/dydon.ai\/de\/wp-json\/wp\/v2\/pages\/12140"}],"collection":[{"href":"https:\/\/dydon.ai\/de\/wp-json\/wp\/v2\/pages"}],"about":[{"href":"https:\/\/dydon.ai\/de\/wp-json\/wp\/v2\/types\/page"}],"author":[{"embeddable":true,"href":"https:\/\/dydon.ai\/de\/wp-json\/wp\/v2\/users\/9"}],"replies":[{"embeddable":true,"href":"https:\/\/dydon.ai\/de\/wp-json\/wp\/v2\/comments?post=12140"}],"version-history":[{"count":1,"href":"https:\/\/dydon.ai\/de\/wp-json\/wp\/v2\/pages\/12140\/revisions"}],"predecessor-version":[{"id":12141,"href":"https:\/\/dydon.ai\/de\/wp-json\/wp\/v2\/pages\/12140\/revisions\/12141"}],"wp:attachment":[{"href":"https:\/\/dydon.ai\/de\/wp-json\/wp\/v2\/media?parent=12140"}],"curies":[{"name":"wp","href":"https:\/\/api.w.org\/{rel}","templated":true}]}}